{"id":2494,"date":"2017-10-12T15:18:42","date_gmt":"2017-10-12T15:18:42","guid":{"rendered":"https:\/\/www.cliniquemedicalecrescent.ca\/travel\/destinations\/"},"modified":"2017-12-19T18:34:16","modified_gmt":"2017-12-19T18:34:16","slug":"destinations","status":"publish","type":"page","link":"https:\/\/www.cliniquemedicalecrescent.ca\/fr\/voyage\/destinations\/","title":{"rendered":"Destination"},"content":{"rendered":"<div class=\"bt_bb_wrapper\"><section id=\"bt_section69fa3945392aa\"  class=\"boldSection btDivider topExtraSpaced bottomSemiSpaced btDarkSkin gutter inherit wBackground cover\" style=\"background-color:#0cb8b6;background-image:url('https:\/\/www.cliniquemedicalecrescent.ca\/wp-content\/uploads\/2015\/12\/bllurred-background-1.jpg');padding-top:200px;\"><div class=\"port\"><div class=\"boldCell\"><div class=\"boldCellInner\"><div class=\"boldRow \" ><div class=\"boldRowInner\"><div class=\"rowItem col-md-12 col-ms-12  btTextLeft animate animate-fadein animate-moveleft inherit\"  ><div class=\"rowItemContent\" ><div class=\"btClear btSeparator topExtraSmallSpaced noBorder\" ><hr><\/div><div class=\"btClear btSeparator topExtraSmallSpaced noBorder\" ><hr><\/div><header class=\"header btClear large  btNormalDash\" ><div class=\"btSuperTitle\">Un vaccin pour chaque destination<\/div><div class=\"dash\"><h2><span class=\"headline\">Destinations<\/span><\/h2><\/div><\/header><\/div><\/div><\/div><\/div><\/div><\/div><\/div><\/section><section id=\"bt_section69fa3945397b0\"  class=\"boldSection topSpaced gutter inherit\" ><div class=\"port\"><div class=\"boldCell\"><div class=\"boldCellInner\"><div class=\"boldRow \" ><div class=\"boldRowInner\"><div class=\"rowItem col-md-6 col-sm-12 btTextLeft animate animate-fadein animate-moveright btMiddleVertical\"  ><div class=\"rowItemContent\" ><div class=\"bpgPhoto \"  style=\"btTextCenter\"> \r\n\t\t\t\t\t<a href=\"http:\/\/_self\" target=\"\" title=\"\"><\/a>\r\n\t\t\t\t\t<div class=\"boldPhotoBox\"><div class=\"bpbItem\"><div class = \"btImage\"><img src=\"https:\/\/www.cliniquemedicalecrescent.ca\/wp-content\/uploads\/2017\/10\/General-Travel-Vaccines-1.jpg\" alt=\"\" title=\"\" ><\/div><\/div><\/div>\r\n\t\t\t\t\t<div class=\"captionPane\">\r\n\t\t\t\t\t\t<div class=\"captionTable\">\r\n\t\t\t\t\t\t\t<div class=\"captionCell\">\r\n\t\t\t\t\t\t\t\t<div class=\"captionTxt\"><\/div>\r\n\t\t\t\t\t\t\t<\/div>\r\n\t\t\t\t\t\t<\/div>\r\n\t\t\t\t\t<\/div><\/div><\/div><\/div><div class=\"rowItem col-md-6 col-sm-12 btTextLeft animate animate-fadein btMiddleVertical btDoublePadding\"  ><div class=\"rowItemContent\" ><header class=\"header btClear medium  btNormalDash\" ><div class=\"btSuperTitle\">Commun \u00e0 toutes les destinations<\/div><div class=\"dash\"><h3><span class=\"headline\">Vaccins pour voyages g\u00e9n\u00e9raux<\/span><\/h3><\/div><div class=\"btSubTitle\">Si vous voyagez en Asie, en Europe ou ailleurs, il y a fort \u00e0 parier que vous aurez besoin de plusieurs vaccins afin de vous prot\u00e9ger contre les maladies potentielles. Il est crucial de prendre votre rendez-vous de consultation d\u2019avant-d\u00e9part d\u00e8s que vous avez planifi\u00e9 votre voyage, car la plupart des vaccins offrent une protection que de 10 \u00e0 14 jours apr\u00e8s l\u2019inoculation.\r<br>\r<br>Pour de plus amples renseignements \u00e0 propos des vaccins:<\/div><\/header><a href=\"https:\/\/travel.gc.ca\/travelling\/health-safety\/vaccines\" class=\"btBtn btBtn btnOutlineStyle btnNormalColor btnSmall btnFullWidth btnRightPosition btnNoIcon\" style=\"border:none;text-transform:capitalize;text-align:center;\" target=\"_blank\"><span class=\"btnInnerText\">visitez La Section &lt;&lt; Voyage &lt;&lt; Du SIte Web Du Gouvernement Du Canada<\/span><\/a><div class=\"btClear btSeparator bottomExtraSmallSpaced noBorder\" ><hr><\/div><div class=\"btWorkingHours  btWorkingHoursHasLink\" ><div class=\"btWorkingHoursInner\"><div class=\"btWorkingHoursInnerRow\"><div class=\"btWorkingHoursInnerTitle\">VPH<\/div><div class=\"btWorkingHoursInnerContent\"> Recommand\u00e9 pour les adolescentes et les jeunes femmes \u00e2g\u00e9es de 11 \u00e0 26 ans.<\/div><div class=\"btWorkingHoursInnerLink\"><a href=\"..\/..\/prendre-un-rendez-vous\r\" title=\"R\u00c9SERVER\">R\u00c9SERVER<\/a><\/div><\/div><div class=\"btWorkingHoursInnerRow\"><div class=\"btWorkingHoursInnerTitle\">Rotavirus<\/div><div class=\"btWorkingHoursInnerContent\"> Le rotavirus est la principale cause de diarrh\u00e9e et il affecte plus fr\u00e9quemment les enfants que les adultes.<\/div><div class=\"btWorkingHoursInnerLink\"><a href=\"..\/..\/prendre-un-rendez-vous\r\" title=\"R\u00c9SERVER\">R\u00c9SERVER<\/a><\/div><\/div><div class=\"btWorkingHoursInnerRow\"><div class=\"btWorkingHoursInnerTitle\">H\u00c9PATITE A<\/div><div class=\"btWorkingHoursInnerContent\"> Administr\u00e9 en deux doses \u00e0 six mois d\u2019intervalle<\/div><div class=\"btWorkingHoursInnerLink\"><a href=\"..\/..\/prendre-un-rendez-vous\r\" title=\"R\u00c9SERVER\">R\u00c9SERVER<\/a><\/div><\/div><div class=\"btWorkingHoursInnerRow\"><div class=\"btWorkingHoursInnerTitle\">H\u00c9PATITE B<\/div><div class=\"btWorkingHoursInnerContent\"> Administr\u00e9 en trois doses. Apr\u00e8s la premi\u00e8re dose, le vaccin est ensuite administr\u00e9 apr\u00e8s un mois, puis encore apr\u00e8s six mois.<\/div><div class=\"btWorkingHoursInnerLink\"><a href=\"..\/..\/prendre-un-rendez-vous\r\" title=\"R\u00c9SERVER\">R\u00c9SERVER<\/a><\/div><\/div><div class=\"btWorkingHoursInnerRow\"><div class=\"btWorkingHoursInnerTitle\">HAEMOPHILUS INFLUENZA DE TYPE B<\/div><div class=\"btWorkingHoursInnerContent\"> Le vaccin vous aide \u00e0 pr\u00e9venir les infections caus\u00e9es par une m\u00e9ningite, une pneumonie et une \u00e9piglottite.<\/div><div class=\"btWorkingHoursInnerLink\"><a href=\"..\/..\/prendre-un-rendez-vous\r\" title=\"R\u00c9SERVER\">R\u00c9SERVER<\/a><\/div><\/div><div class=\"btWorkingHoursInnerRow\"><div class=\"btWorkingHoursInnerTitle\">RRO<\/div><div class=\"btWorkingHoursInnerContent\"> Le vaccin RRO prot\u00e8ge contre la rougeole, la rub\u00e9ole et les oreillons.<\/div><div class=\"btWorkingHoursInnerLink\"><a href=\"..\/..\/prendre-un-rendez-vous\r\" title=\"R\u00c9SERVER\">R\u00c9SERVER<\/a><\/div><\/div><div class=\"btWorkingHoursInnerRow\"><div class=\"btWorkingHoursInnerTitle\">DTAP<\/div><div class=\"btWorkingHoursInnerContent\"> Le vaccin DTaP prot\u00e8ge les voyageurs contre la dipht\u00e9rie, le t\u00e9tanos et la coqueluche.<\/div><div class=\"btWorkingHoursInnerLink\"><a href=\"..\/..\/prendre-un-rendez-vous\" title=\"R\u00c9SERVER\">R\u00c9SERVER<\/a><\/div><\/div><\/div><\/div><div class=\"btClear btSeparator bottomSmallSpaced noBorder\" ><hr><\/div><a href=\"https:\/\/www.cliniquemedicalecrescent.ca\/fr\/prendre-un-rendez-vous\/\" class=\"btBtn btBtn btnFilledStyle btnAccentColor btnSmall btnNormalWidth btnRightPosition btnNoIcon\" ><span class=\"btnInnerText\">PRENDRE UN RENDEZ-VOUS<\/span><\/a><\/div><\/div><\/div><\/div><\/div><\/div><\/div><\/section><section id=\"bt_section69fa39453de75\"  class=\"boldSection topSpaced gutter inherit\" ><div class=\"port\"><div class=\"boldCell\"><div class=\"boldCellInner\"><div class=\"boldRow \" ><div class=\"boldRowInner\"><div class=\"rowItem col-md-6 col-sm-12 btTextLeft animate animate-fadein btMiddleVertical btDoublePadding\"  ><div class=\"rowItemContent\" ><header class=\"header btClear medium  btNormalDash\" ><div class=\"dash\"><h3><span class=\"headline\">L\u2019ASIE<\/span><\/h3><\/div><div class=\"btSubTitle\">L\u2019Asie est riche de cultures, de cuisines et d\u2019architecture; il y a toujours quelque chose \u00e0 voir ou \u00e0 faire dans les contr\u00e9es asiatique. Cependant, les visites touristiques et les d\u00e9gustations d\u2019aliments peuvent vous rendre vuln\u00e9rable \u00e0 des maladies que votre corps n\u2019est pas en mesure de combattre.\r<br>\r<br>Nos m\u00e9decins pourraient vous recommander l\u2019un des vaccins suivants :<\/div><\/header><div class=\"btClear btSeparator bottomExtraSmallSpaced noBorder\" ><hr><\/div><div class=\"btWorkingHours  btWorkingHoursHasLink\" ><div class=\"btWorkingHoursInner\"><div class=\"btWorkingHoursInnerRow\"><div class=\"btWorkingHoursInnerTitle\">CONTRE L\u2019H\u00c9PATITE A <\/div><div class=\"btWorkingHoursInnerContent\"> Cette maladie est transmise par la consommation d\u2019aliments contamin\u00e9s ou par un contact \u00e9troit avec une personne infect\u00e9e.<\/div><div class=\"btWorkingHoursInnerLink\"><a href=\"..\/..\/prendre-un-rendez-vous\r\" title=\"R\u00c9SERVER\">R\u00c9SERVER<\/a><\/div><\/div><div class=\"btWorkingHoursInnerRow\"><div class=\"btWorkingHoursInnerTitle\">CONTRE LA FI\u00c8VRE TYPHO\u00cfDE <\/div><div class=\"btWorkingHoursInnerContent\"> Cette infection est transmise par la consommation d\u2019aliments ou d\u2019eau contamin\u00e9s<\/div><div class=\"btWorkingHoursInnerLink\"><a href=\"..\/..\/prendre-un-rendez-vous\r\" title=\"R\u00c9SERVER\">R\u00c9SERVER<\/a><\/div><\/div><div class=\"btWorkingHoursInnerRow\"><div class=\"btWorkingHoursInnerTitle\">CONTRE LA RAGE<\/div><div class=\"btWorkingHoursInnerContent\"> Nous vous recommandons fortement ce vaccin si vous allez dans une ferme ou tout autre lieu avec des animaux.<\/div><div class=\"btWorkingHoursInnerLink\"><a href=\"..\/..\/prendre-un-rendez-vous\r\" title=\"R\u00c9SERVER\">R\u00c9SERVER<\/a><\/div><\/div><div class=\"btWorkingHoursInnerRow\"><div class=\"btWorkingHoursInnerTitle\">CONTRE LA M\u00c9NINGITE <\/div><div class=\"btWorkingHoursInnerContent\"> Cette infection se propage facilement par contact direct avec une personne infect\u00e9e ou par la toux et les \u00e9ternuements.<\/div><div class=\"btWorkingHoursInnerLink\"><a href=\"..\/..\/prendre-un-rendez-vous\r\" title=\"R\u00c9SERVER\">R\u00c9SERVER<\/a><\/div><\/div><div class=\"btWorkingHoursInnerRow\"><div class=\"btWorkingHoursInnerTitle\">ENC\u00c9PHALITE JAPONAISE <\/div><div class=\"btWorkingHoursInnerContent\"> Cette maladie se transmet par la piq\u00fbre d\u2019un moustique infect\u00e9. Elle peut causer une infection au cerveau lourde de cons\u00e9quences.<\/div><div class=\"btWorkingHoursInnerLink\"><a href=\"..\/..\/prendre-un-rendez-vous\" title=\"R\u00c9SERVER\">R\u00c9SERVER<\/a><\/div><\/div><\/div><\/div><div class=\"btClear btSeparator bottomSmallSpaced noBorder\" ><hr><\/div><a href=\"https:\/\/www.cliniquemedicalecrescent.ca\/fr\/prendre-un-rendez-vous\/\" class=\"btBtn btBtn btnFilledStyle btnAccentColor btnSmall btnNormalWidth btnRightPosition btnNoIcon\" ><span class=\"btnInnerText\">PRENDRE UN RENDEZ-VOUS<\/span><\/a><\/div><\/div><div class=\"rowItem col-md-6 col-sm-12 btTextLeft animate animate-fadein animate-moveleft btMiddleVertical\"  ><div class=\"rowItemContent\" ><div class=\"bpgPhoto \"  style=\"btTextCenter\"> \r\n\t\t\t\t\t<a href=\"http:\/\/_self\" target=\"\" title=\"\"><\/a>\r\n\t\t\t\t\t<div class=\"boldPhotoBox\"><div class=\"bpbItem\"><div class = \"btImage\"><img src=\"https:\/\/www.cliniquemedicalecrescent.ca\/wp-content\/uploads\/2017\/10\/ASIA.png\" alt=\"\" title=\"\" ><\/div><\/div><\/div>\r\n\t\t\t\t\t<div class=\"captionPane\">\r\n\t\t\t\t\t\t<div class=\"captionTable\">\r\n\t\t\t\t\t\t\t<div class=\"captionCell\">\r\n\t\t\t\t\t\t\t\t<div class=\"captionTxt\"><\/div>\r\n\t\t\t\t\t\t\t<\/div>\r\n\t\t\t\t\t\t<\/div>\r\n\t\t\t\t\t<\/div><\/div><\/div><\/div><\/div><\/div><\/div><\/div><\/div><\/section><section id=\"bt_section69fa39453fee2\"  class=\"boldSection topSpaced gutter inherit\" ><div class=\"port\"><div class=\"boldCell\"><div class=\"boldCellInner\"><div class=\"boldRow \" ><div class=\"boldRowInner\"><div class=\"rowItem col-md-6 col-sm-12 btTextLeft animate animate-fadein animate-moveright btMiddleVertical\"  ><div class=\"rowItemContent\" ><div class=\"bpgPhoto \"  style=\"btTextCenter\"> \r\n\t\t\t\t\t<a href=\"http:\/\/_self\" target=\"\" title=\"\"><\/a>\r\n\t\t\t\t\t<div class=\"boldPhotoBox\"><div class=\"bpbItem\"><div class = \"btImage\"><img src=\"https:\/\/www.cliniquemedicalecrescent.ca\/wp-content\/uploads\/2017\/10\/AFRICA.gif\" alt=\"\" title=\"\" ><\/div><\/div><\/div>\r\n\t\t\t\t\t<div class=\"captionPane\">\r\n\t\t\t\t\t\t<div class=\"captionTable\">\r\n\t\t\t\t\t\t\t<div class=\"captionCell\">\r\n\t\t\t\t\t\t\t\t<div class=\"captionTxt\"><\/div>\r\n\t\t\t\t\t\t\t<\/div>\r\n\t\t\t\t\t\t<\/div>\r\n\t\t\t\t\t<\/div><\/div><\/div><\/div><div class=\"rowItem col-md-6 col-sm-12 btTextLeft animate animate-fadein btMiddleVertical btDoublePadding\"  ><div class=\"rowItemContent\" ><header class=\"header btClear medium  btNormalDash\" ><div class=\"dash\"><h3><span class=\"headline\">L\u2019AFRIQUE<\/span><\/h3><\/div><div class=\"btSubTitle\">Un voyage en Afrique offre de riches exp\u00e9riences culturelles dans une grande vari\u00e9t\u00e9 de paysages. Cependant, le continent abrite les maladies les plus mortelles au monde, dont l\u2019Ebola et le paludisme. Selon l\u2019endroit o\u00f9 vous voyagerez en Afrique, votre m\u00e9decin pourrait vous recommander l\u2019un des vaccins suivants :<\/div><\/header><div class=\"btClear btSeparator bottomExtraSmallSpaced noBorder\" ><hr><\/div><div class=\"btWorkingHours  btWorkingHoursHasLink\" ><div class=\"btWorkingHoursInner\"><div class=\"btWorkingHoursInnerRow\"><div class=\"btWorkingHoursInnerTitle\">CONTRE LA FI\u00c8VRE JAUNE <\/div><div class=\"btWorkingHoursInnerContent\"> Cette maladie se transmet par la piq\u00fbre d\u2019un moustique infect\u00e9.<\/div><div class=\"btWorkingHoursInnerLink\"><a href=\"..\/..\/prendre-un-rendez-vous\r\" title=\"R\u00c9SERVER\">R\u00c9SERVER<\/a><\/div><\/div><div class=\"btWorkingHoursInnerRow\"><div class=\"btWorkingHoursInnerTitle\">CONTRE LA FI\u00c8VRE TYPHO\u00cfDE<\/div><div class=\"btWorkingHoursInnerContent\"> Cette infection est transmise par la consommation d\u2019eau ou d\u2019aliments contamin\u00e9s comme les l\u00e9gumes, les fruits frais et le lait.<\/div><div class=\"btWorkingHoursInnerLink\"><a href=\"..\/..\/prendre-un-rendez-vous\r\" title=\"R\u00c9SERVER\">R\u00c9SERVER<\/a><\/div><\/div><div class=\"btWorkingHoursInnerRow\"><div class=\"btWorkingHoursInnerTitle\">CONTRE L\u2019H\u00c9PATITE A <\/div><div class=\"btWorkingHoursInnerContent\"> Cette maladie est transmise par la consommation d\u2019aliments contamin\u00e9s. Ce vaccin est fortement recommand\u00e9 avant de visiter les pays sous-d\u00e9velopp\u00e9s.<\/div><div class=\"btWorkingHoursInnerLink\"><a href=\"..\/..\/prendre-un-rendez-vous\" title=\"R\u00c9SERVER\">R\u00c9SERVER<\/a><\/div><\/div><\/div><\/div><div class=\"btClear btSeparator bottomSmallSpaced noBorder\" ><hr><\/div><a href=\"https:\/\/www.cliniquemedicalecrescent.ca\/fr\/prendre-un-rendez-vous\/\" class=\"btBtn btBtn btnFilledStyle btnAccentColor btnSmall btnNormalWidth btnRightPosition btnNoIcon\" ><span class=\"btnInnerText\">PRENDRE UN RENDEZ-VOUS<\/span><\/a><\/div><\/div><\/div><\/div><\/div><\/div><\/div><\/section><section id=\"bt_section69fa394541556\"  class=\"boldSection topSpaced gutter inherit\" ><div class=\"port\"><div class=\"boldCell\"><div class=\"boldCellInner\"><div class=\"boldRow \" ><div class=\"boldRowInner\"><div class=\"rowItem col-md-6 col-sm-12 btTextLeft animate animate-fadein btMiddleVertical btDoublePadding\"  ><div class=\"rowItemContent\" ><header class=\"header btClear medium  btNormalDash\" ><div class=\"dash\"><h3><span class=\"headline\">EUROPE ET AM\u00c9RIQUE DU NORD<\/span><\/h3><\/div><div class=\"btSubTitle\">M\u00eame dans les pays d\u00e9velopp\u00e9s comme les \u00c9tats-Unis et la plupart des pays d\u2019Europe, le risque de contracter une maladie dangereuse ou mortelle existe toujours. Afin de minimiser vos chances de tomber malade, assurez-vous d\u2019\u00eatre bien \u00e0 jour pour ce qui est des vaccins actuels :<\/div><\/header><div class=\"btClear btSeparator bottomExtraSmallSpaced noBorder\" ><hr><\/div><div class=\"btWorkingHours  btWorkingHoursHasLink\" ><div class=\"btWorkingHoursInner\"><div class=\"btWorkingHoursInnerRow\"><div class=\"btWorkingHoursInnerTitle\">CONTRE LA ROUGEOLE, LA RUB\u00c9OLE ET LES OREILLONS (RRO)<\/div><div class=\"btWorkingHoursInnerContent\"> Au cours des dix derni\u00e8res ann\u00e9es, les cas d\u2019oreillons se sont multipli\u00e9s. Il est de votre int\u00e9r\u00eat de bien vous en prot\u00e9ger.<\/div><div class=\"btWorkingHoursInnerLink\"><a href=\"..\/..\/prendre-un-rendez-vous\r\" title=\"R\u00c9SERVER\">R\u00c9SERVER<\/a><\/div><\/div><div class=\"btWorkingHoursInnerRow\"><div class=\"btWorkingHoursInnerTitle\">VACCIN ANTIGRIPPAL <\/div><div class=\"btWorkingHoursInnerContent\">En Europe et en Am\u00e9rique du Nord, le risque de contracter la grippe est plus \u00e9lev\u00e9 pendant les mois de septembre \u00e0 avril.<\/div><div class=\"btWorkingHoursInnerLink\"><a href=\"..\/..\/prendre-un-rendez-vous\" title=\"R\u00c9SERVER\">R\u00c9SERVER<\/a><\/div><\/div><\/div><\/div><div class=\"btClear btSeparator bottomSmallSpaced noBorder\" ><hr><\/div><a href=\"https:\/\/www.cliniquemedicalecrescent.ca\/fr\/prendre-un-rendez-vous\/\" class=\"btBtn btBtn btnFilledStyle btnAccentColor btnSmall btnNormalWidth btnRightPosition btnNoIcon\" ><span class=\"btnInnerText\">PRENDRE UN RENDEZ-VOUS<\/span><\/a><\/div><\/div><div class=\"rowItem col-md-6 col-sm-12 btTextLeft animate animate-fadein animate-moveleft btMiddleVertical\"  ><div class=\"rowItemContent\" ><div class=\"bpgPhoto \"  style=\"btTextCenter\"> \r\n\t\t\t\t\t<a href=\"http:\/\/_self\" target=\"\" title=\"\"><\/a>\r\n\t\t\t\t\t<div class=\"boldPhotoBox\"><div class=\"bpbItem\"><div class = \"btImage\"><img src=\"https:\/\/www.cliniquemedicalecrescent.ca\/wp-content\/uploads\/2017\/10\/na2.jpg\" alt=\"\" title=\"\" ><\/div><\/div><\/div>\r\n\t\t\t\t\t<div class=\"captionPane\">\r\n\t\t\t\t\t\t<div class=\"captionTable\">\r\n\t\t\t\t\t\t\t<div class=\"captionCell\">\r\n\t\t\t\t\t\t\t\t<div class=\"captionTxt\"><\/div>\r\n\t\t\t\t\t\t\t<\/div>\r\n\t\t\t\t\t\t<\/div>\r\n\t\t\t\t\t<\/div><\/div><\/div><\/div><\/div><\/div><\/div><\/div><\/div><\/section><section id=\"bt_section69fa394542cd7\"  class=\"boldSection gutter\" ><div class=\"port\"><div class=\"boldCell\"><div class=\"boldCellInner\"><\/div><\/div><\/div><\/section><\/div>","protected":false},"excerpt":{"rendered":"","protected":false},"author":1,"featured_media":0,"parent":2492,"menu_order":0,"comment_status":"closed","ping_status":"closed","template":"","meta":[],"_links":{"self":[{"href":"https:\/\/www.cliniquemedicalecrescent.ca\/fr\/wp-json\/wp\/v2\/pages\/2494"}],"collection":[{"href":"https:\/\/www.cliniquemedicalecrescent.ca\/fr\/wp-json\/wp\/v2\/pages"}],"about":[{"href":"https:\/\/www.cliniquemedicalecrescent.ca\/fr\/wp-json\/wp\/v2\/types\/page"}],"author":[{"embeddable":true,"href":"https:\/\/www.cliniquemedicalecrescent.ca\/fr\/wp-json\/wp\/v2\/users\/1"}],"replies":[{"embeddable":true,"href":"https:\/\/www.cliniquemedicalecrescent.ca\/fr\/wp-json\/wp\/v2\/comments?post=2494"}],"version-history":[{"count":9,"href":"https:\/\/www.cliniquemedicalecrescent.ca\/fr\/wp-json\/wp\/v2\/pages\/2494\/revisions"}],"predecessor-version":[{"id":2871,"href":"https:\/\/www.cliniquemedicalecrescent.ca\/fr\/wp-json\/wp\/v2\/pages\/2494\/revisions\/2871"}],"up":[{"embeddable":true,"href":"https:\/\/www.cliniquemedicalecrescent.ca\/fr\/wp-json\/wp\/v2\/pages\/2492"}],"wp:attachment":[{"href":"https:\/\/www.cliniquemedicalecrescent.ca\/fr\/wp-json\/wp\/v2\/media?parent=2494"}],"curies":[{"name":"wp","href":"https:\/\/api.w.org\/{rel}","templated":true}]}}