{"id":2495,"date":"2017-09-27T19:26:14","date_gmt":"2017-09-27T19:26:14","guid":{"rendered":"https:\/\/www.cliniquemedicalecrescent.ca\/travel\/faq\/"},"modified":"2017-12-15T21:23:37","modified_gmt":"2017-12-15T21:23:37","slug":"faq","status":"publish","type":"page","link":"https:\/\/www.cliniquemedicalecrescent.ca\/fr\/voyage\/faq\/","title":{"rendered":"Voyage FAQ"},"content":{"rendered":"<div class=\"bt_bb_wrapper\"><section id=\"bt_section69fa783cb6f1b\"  class=\"boldSection topSemiSpaced btDarkSkin gutter inherit wBackground cover btAccentColorBackground\" style=\"background-image:url('https:\/\/www.cliniquemedicalecrescent.ca\/wp-content\/uploads\/2015\/12\/bllurred-background-1.jpg');\"><div class=\"port\"><div class=\"boldCell\"><div class=\"boldCellInner\"><div class=\"boldRow \" ><div class=\"boldRowInner\"><div class=\"rowItem col-md-9 col-ms-12  btTextLeft animate animate-fadein animate-moveleft inherit\"  ><div class=\"rowItemContent\" ><div class=\"btClear btSeparator topExtraSpaced bottomSmallSpaced noBorder\" ><hr><\/div><header class=\"header btClear extralarge btDash topDash  btNormalDash\" ><div class=\"btSuperTitle\">Travel Clinic<\/div><div class=\"dash\"><h1><span class=\"headline\">FOIRE AUX QUESTIONS<\/span><\/h1><\/div><\/header><div class=\"btClear btSeparator topExtraSmallSpaced noBorder\" ><hr><\/div><div class=\"btClear btSeparator topSpaced noBorder\" ><hr><\/div><\/div><\/div><div class=\"rowItem col-md-3 col-sm-6 col-ms-12 btTextLeft\"  ><div class=\"rowItemContent\" ><\/div><\/div><\/div><\/div><\/div><\/div><\/div><\/section><section id=\"bt_section69fa783cb728d\"  class=\"boldSection gutter inherit\" style=\"margin-top: -6px;\"><div class=\"port\"><div class=\"boldCell\"><div class=\"boldCellInner\"><div class=\"boldRow \" ><div class=\"boldRowInner\"><div class=\"rowItem col-md-3 col-sm-6 col-ms-12 btTextLeft inherit\" style=\"background-color: rgba(0, 179, 204, 1);\" ><div class=\"rowItemContent\" ><div class=\"btClear btSeparator topExtraSmallSpaced noBorder\" ><hr><\/div><\/div><\/div><div class=\"rowItem col-md-3 col-sm-6 col-ms-12 btTextLeft inherit\" style=\"background-color: rgba(0, 161, 190, 1);\" ><div class=\"rowItemContent\" ><div class=\"btClear btSeparator topExtraSmallSpaced noBorder\" ><hr><\/div><\/div><\/div><div class=\"rowItem col-md-3 col-sm-6 col-ms-12 btTextLeft inherit\" style=\"background-color: rgba(0, 135, 170, 1);\" ><div class=\"rowItemContent\" ><div class=\"btClear btSeparator topExtraSmallSpaced noBorder\" ><hr><\/div><\/div><\/div><div class=\"rowItem col-md-3 col-sm-6 col-ms-12 btTextLeft inherit\" style=\"background-color: rgba(0, 109, 149, 1);\" ><div class=\"rowItemContent\" ><div class=\"btClear btSeparator topExtraSmallSpaced noBorder\" ><hr><\/div><\/div><\/div><\/div><\/div><\/div><\/div><\/div><\/section><section id=\"bt_section69fa783cb754f\"  class=\"boldSection topSpaced bottomSpaced gutter inherit\" ><div class=\"port\"><div class=\"boldCell\"><div class=\"boldCellInner\"><div class=\"boldRow \" ><div class=\"boldRowInner\"><div class=\"rowItem col-md-9 col-ms-12  btTextLeft animate animate-fadein inherit\"  ><div class=\"rowItemContent\" ><header class=\"header btClear large  btNormalDash\" ><div class=\"btSuperTitle\">On s\u2019occupe de vous.<\/div><\/header><div class=\"btClear btSeparator bottomSmallSpaced border\" ><hr><\/div><div class=\"btTabs tabsVertical\" data-open-first=\"\"><ul class=\"tabsHeader\"><li><span>Quand devrais-je prendre mon rendez-vous?<\/span><\/li><li><span>Y a-t-il des vaccins obligatoires?<\/span><\/li><li><span>Devrai-je recevoir plus d\u2019un vaccin?<\/span><\/li><li><span>\u00c0 quels types d\u2019effets secondaires dois-je m\u2019attendre?<\/span><\/li><li><span>Puis-je me faire vacciner si je prends des antibiotiques?<\/span><\/li><li><span>Est-ce qu\u2019il y a un vaccin contre le paludisme?<\/span><\/li><li><span>Quelle est la dur\u00e9e moyenne d\u2019une visite \u00e0 votre clinique?<\/span><\/li><li><span>Je suis enceinte et je pars en voyage, est-il dangereux de recevoir des vaccins?<\/span><\/li><li><span>Je pars en croisi\u00e8re de luxe, ai-je besoin de vaccins?<\/span><\/li><\/ul><div class=\"tabPanes accordionPanes\"><div class=\"tabPane\">\r\n\t\t\t<div class=\"tabAccordionTitle\"><span>Quand devrais-je prendre mon rendez-vous?<\/span><\/div>\r\n\t\t\t<div class=\"tabAccordionContent\"><p>Id\u00e9alement, il faudrait recevoir les vaccins de voyage de 4 \u00e0 6 semaines avant le d\u00e9part. Toutefois, si vous n\u2019avez pas tout ce temps avant votre d\u00e9part, il vaut mieux vous faire vacciner plus tard que jamais.<\/p>\n<\/div>\r\n\t\t<\/div><div class=\"tabPane\">\r\n\t\t\t<div class=\"tabAccordionTitle\"><span>Y a-t-il des vaccins obligatoires?<\/span><\/div>\r\n\t\t\t<div class=\"tabAccordionContent\"><p>Vous aurez besoin de vous faire vacciner contre la fi\u00e8vre jaune si vous allez dans certains pays de l\u2019Am\u00e9rique du Sud et d\u2019Afrique. Votre m\u00e9decin sera en mesure de vous dire s\u2019il est n\u00e9cessaire en fonction de votre destination.<\/p>\n<p>De plus, vous aurez besoin du vaccin antim\u00e9ningite si vous faites le p\u00e8lerinage \u00e0 La Mecque (Arabie saoudite).<\/p>\n<\/div>\r\n\t\t<\/div><div class=\"tabPane\">\r\n\t\t\t<div class=\"tabAccordionTitle\"><span>Devrai-je recevoir plus d\u2019un vaccin?<\/span><\/div>\r\n\t\t\t<div class=\"tabAccordionContent\"><p>En fonction de votre destination, vous pourriez avoir \u00e0 faire un ou plusieurs vaccins lors de votre visite.<\/p>\n<\/div>\r\n\t\t<\/div><div class=\"tabPane\">\r\n\t\t\t<div class=\"tabAccordionTitle\"><span>\u00c0 quels types d\u2019effets secondaires dois-je m\u2019attendre?<\/span><\/div>\r\n\t\t\t<div class=\"tabAccordionContent\"><p>Habituellement, les effets secondaires associ\u00e9s aux vaccins sont minimes, voire inexistants, peu importe le nombre de vaccins que vous recevez. Le site d\u2019injection pourrait \u00eatre plus sensible et vous pourriez y voir appara\u00eetre des rougeurs, mais il s\u2019agit de sympt\u00f4mes temporaires.<\/p>\n<\/div>\r\n\t\t<\/div><div class=\"tabPane\">\r\n\t\t\t<div class=\"tabAccordionTitle\"><span>Puis-je me faire vacciner si je prends des antibiotiques?<\/span><\/div>\r\n\t\t\t<div class=\"tabAccordionContent\"><p>Sauf si vous souffrez de fi\u00e8vre, il n\u2019y a aucune contre-indication \u00e0 recevoir des vaccins pendant un traitement antibiotique.<\/p>\n<\/div>\r\n\t\t<\/div><div class=\"tabPane\">\r\n\t\t\t<div class=\"tabAccordionTitle\"><span>Est-ce qu\u2019il y a un vaccin contre le paludisme?<\/span><\/div>\r\n\t\t\t<div class=\"tabAccordionContent\"><p>\u00c0 l\u2019heure actuelle, il n\u2019existe aucun vaccin pour pr\u00e9venir le paludisme. Si vous voyagez dans un endroit vous rendant vuln\u00e9rable au paludisme, nous pourrons vous fournir une ordonnance pour des m\u00e9dicaments contre le paludisme. Nous vous fournirons \u00e9galement des conseils afin de vous prot\u00e9ger de la maladie.<\/p>\n<\/div>\r\n\t\t<\/div><div class=\"tabPane\">\r\n\t\t\t<div class=\"tabAccordionTitle\"><span>Quelle est la dur\u00e9e moyenne d\u2019une visite \u00e0 votre clinique?<\/span><\/div>\r\n\t\t\t<div class=\"tabAccordionContent\"><p>Votre rendez-vous consiste en des vaccinations sur place et une consultation individuelle pendant laquelle vous aurez l\u2019occasion de poser toute question personnelle relative \u00e0 votre sant\u00e9 en voyage. Habituellement, une visite dure une heure \u00e0 partir du moment o\u00f9 vous entrez jusqu\u2019au moment o\u00f9 nous finissons de vous aider.<\/p>\n<\/div>\r\n\t\t<\/div><div class=\"tabPane\">\r\n\t\t\t<div class=\"tabAccordionTitle\"><span>Je suis enceinte et je pars en voyage, est-il dangereux de recevoir des vaccins?<\/span><\/div>\r\n\t\t\t<div class=\"tabAccordionContent\"><p>Vous pouvez recevoir des vaccins inactifs sans aucun risque. Toutefois, vous devriez \u00e9viter tout endroit pour lequel un vaccin vivant, comme le vaccin antiamaril, est n\u00e9cessaire. De plus, notre personnel m\u00e9dical pourra vous fournir des moyens de pr\u00e9vention afin de prot\u00e9ger votre sant\u00e9 et celle de votre b\u00e9b\u00e9 en voyage.<\/p>\n<\/div>\r\n\t\t<\/div><div class=\"tabPane\">\r\n\t\t\t<div class=\"tabAccordionTitle\"><span>Je pars en croisi\u00e8re de luxe, ai-je besoin de vaccins?<\/span><\/div>\r\n\t\t\t<div class=\"tabAccordionContent\"><p>C\u2019est toujours une bonne id\u00e9e de privil\u00e9gier la prudence et de recevoir des vaccins pour vos voyages en mer. De plus, nous pouvons vous conseiller des m\u00e9thodes pour pr\u00e9venir ou gu\u00e9rir le mal de mer.<\/p>\n<\/div>\r\n\t\t<\/div><\/div><\/div><\/div><\/div><div class=\"rowItem col-md-3 col-sm-6 col-ms-12 btTextLeft animate animate-fadein btTextIndent btHighlight inherit\"  ><div class=\"rowItemContent\" ><div class=\"bpgPhoto \"  style=\"btTextCenter\"> \r\n\t\t\t\t\t<a href=\"http:\/\/_self\" target=\"\" title=\"\"><\/a>\r\n\t\t\t\t\t<div class=\"boldPhotoBox\"><div class=\"bpbItem\"><div class = \"btImage\"><img src=\"https:\/\/www.cliniquemedicalecrescent.ca\/wp-content\/uploads\/2015\/12\/FAQ.jpg\" alt=\"\" title=\"\" ><\/div><\/div><\/div>\r\n\t\t\t\t\t<div class=\"captionPane\">\r\n\t\t\t\t\t\t<div class=\"captionTable\">\r\n\t\t\t\t\t\t\t<div class=\"captionCell\">\r\n\t\t\t\t\t\t\t\t<div class=\"captionTxt\"><\/div>\r\n\t\t\t\t\t\t\t<\/div>\r\n\t\t\t\t\t\t<\/div>\r\n\t\t\t\t\t<\/div><\/div><div class=\"btClear btSeparator bottomSmallSpaced noBorder\" ><hr><\/div><header class=\"header btClear large  btNormalDash\" ><div class=\"btSuperTitle\">Informations<\/div><\/header><div class=\"btClear btSeparator bottomSmallSpaced noBorder\" ><hr><\/div><a href=\"https:\/\/www.cliniquemedicalecrescent.ca\/fr\/a-propos\/\" class=\"btBtn btBtn btnFilledStyle btnAccentColor btnSmall btnFullWidth btnRightPosition btnNoIcon\" ><span class=\"btnInnerText\">\u00c0 PROPOS DE NOUS<\/span><\/a><a href=\"https:\/\/www.cliniquemedicalecrescent.ca\/fr\/voyage\/pourquoi-se-faire-vacciner\/\" class=\"btBtn btBtn btnOutlineStyle btnNormalColor btnSmall btnFullWidth btnRightPosition btnNoIcon\" ><span class=\"btnInnerText\">Pourquoi se faire vacciner?<\/span><\/a><a href=\"http:\/\/..\/voyage#t\u00e9moignages\" class=\"btBtn btBtn btnOutlineStyle btnNormalColor btnSmall btnFullWidth btnRightPosition btnNoIcon\" ><span class=\"btnInnerText\">T\u00c9MOIGNAGES<\/span><\/a><a href=\"https:\/\/www.cliniquemedicalecrescent.ca\/fr\/prendre-un-rendez-vous\/\" class=\"btBtn btBtn btnFilledStyle btnNormalColor btnSmall btnFullWidth btnRightPosition btnNoIcon\" ><span class=\"btnInnerText\">R\u00c9SERVER UNE VISITE<\/span><\/a><div class=\"btClear btSeparator bottomSmallSpaced noBorder\" ><hr><\/div><\/div><\/div><\/div><\/div><\/div><\/div><\/div><\/section><\/div>","protected":false},"excerpt":{"rendered":"","protected":false},"author":1,"featured_media":0,"parent":2492,"menu_order":0,"comment_status":"closed","ping_status":"closed","template":"","meta":[],"_links":{"self":[{"href":"https:\/\/www.cliniquemedicalecrescent.ca\/fr\/wp-json\/wp\/v2\/pages\/2495"}],"collection":[{"href":"https:\/\/www.cliniquemedicalecrescent.ca\/fr\/wp-json\/wp\/v2\/pages"}],"about":[{"href":"https:\/\/www.cliniquemedicalecrescent.ca\/fr\/wp-json\/wp\/v2\/types\/page"}],"author":[{"embeddable":true,"href":"https:\/\/www.cliniquemedicalecrescent.ca\/fr\/wp-json\/wp\/v2\/users\/1"}],"replies":[{"embeddable":true,"href":"https:\/\/www.cliniquemedicalecrescent.ca\/fr\/wp-json\/wp\/v2\/comments?post=2495"}],"version-history":[{"count":7,"href":"https:\/\/www.cliniquemedicalecrescent.ca\/fr\/wp-json\/wp\/v2\/pages\/2495\/revisions"}],"predecessor-version":[{"id":2672,"href":"https:\/\/www.cliniquemedicalecrescent.ca\/fr\/wp-json\/wp\/v2\/pages\/2495\/revisions\/2672"}],"up":[{"embeddable":true,"href":"https:\/\/www.cliniquemedicalecrescent.ca\/fr\/wp-json\/wp\/v2\/pages\/2492"}],"wp:attachment":[{"href":"https:\/\/www.cliniquemedicalecrescent.ca\/fr\/wp-json\/wp\/v2\/media?parent=2495"}],"curies":[{"name":"wp","href":"https:\/\/api.w.org\/{rel}","templated":true}]}}