{"id":2500,"date":"2017-09-27T19:27:30","date_gmt":"2017-09-27T19:27:30","guid":{"rendered":"https:\/\/www.cliniquemedicalecrescent.ca\/faq\/"},"modified":"2018-06-05T21:16:38","modified_gmt":"2018-06-05T21:16:38","slug":"faq","status":"publish","type":"page","link":"https:\/\/www.cliniquemedicalecrescent.ca\/fr\/faq\/","title":{"rendered":"FAQ"},"content":{"rendered":"<div class=\"bt_bb_wrapper\"><section id=\"bt_section69fa3854ee2e9\"  class=\"boldSection topSemiSpaced btDarkSkin gutter inherit wBackground cover btAccentColorBackground\" style=\"background-image:url('https:\/\/www.cliniquemedicalecrescent.ca\/wp-content\/uploads\/2015\/12\/bllurred-background-1.jpg');\"><div class=\"port\"><div class=\"boldCell\"><div class=\"boldCellInner\"><div class=\"boldRow \" ><div class=\"boldRowInner\"><div class=\"rowItem col-md-9 col-ms-12  btTextLeft animate animate-fadein animate-moveleft inherit\"  ><div class=\"rowItemContent\" ><div class=\"btClear btSeparator topExtraSpaced bottomSmallSpaced noBorder\" ><hr><\/div><header class=\"header btClear extralarge btDash topDash  btNormalDash\" ><div class=\"btSuperTitle\">In Good Health<\/div><div class=\"dash\"><h1><span class=\"headline\">FREQUENTLY ASKED QUESTIONS<\/span><\/h1><\/div><\/header><div class=\"btClear btSeparator topExtraSmallSpaced noBorder\" ><hr><\/div><div class=\"btClear btSeparator topSpaced noBorder\" ><hr><\/div><\/div><\/div><div class=\"rowItem col-md-3 col-sm-6 col-ms-12 btTextLeft\"  ><div class=\"rowItemContent\" ><\/div><\/div><\/div><\/div><\/div><\/div><\/div><\/section><section id=\"bt_section69fa3854eeaf2\"  class=\"boldSection gutter inherit\" style=\"margin-top: -6px;\"><div class=\"port\"><div class=\"boldCell\"><div class=\"boldCellInner\"><div class=\"boldRow \" ><div class=\"boldRowInner\"><div class=\"rowItem col-md-3 col-sm-6 col-ms-12 btTextLeft inherit\" style=\"background-color: rgba(0, 179, 204, 1);\" ><div class=\"rowItemContent\" ><div class=\"btClear btSeparator topExtraSmallSpaced noBorder\" ><hr><\/div><\/div><\/div><div class=\"rowItem col-md-3 col-sm-6 col-ms-12 btTextLeft inherit\" style=\"background-color: rgba(0, 161, 190, 1);\" ><div class=\"rowItemContent\" ><div class=\"btClear btSeparator topExtraSmallSpaced noBorder\" ><hr><\/div><\/div><\/div><div class=\"rowItem col-md-3 col-sm-6 col-ms-12 btTextLeft inherit\" style=\"background-color: rgba(0, 135, 170, 1);\" ><div class=\"rowItemContent\" ><div class=\"btClear btSeparator topExtraSmallSpaced noBorder\" ><hr><\/div><\/div><\/div><div class=\"rowItem col-md-3 col-sm-6 col-ms-12 btTextLeft inherit\" style=\"background-color: rgba(0, 109, 149, 1);\" ><div class=\"rowItemContent\" ><div class=\"btClear btSeparator topExtraSmallSpaced noBorder\" ><hr><\/div><\/div><\/div><\/div><\/div><\/div><\/div><\/div><\/section><section id=\"bt_section69fa3854eeece\"  class=\"boldSection topSpaced bottomSpaced gutter inherit\" ><div class=\"port\"><div class=\"boldCell\"><div class=\"boldCellInner\"><div class=\"boldRow \" ><div class=\"boldRowInner\"><div class=\"rowItem col-md-9 col-ms-12  btTextLeft animate animate-fadein inherit\"  ><div class=\"rowItemContent\" ><header class=\"header btClear large  btNormalDash\" ><div class=\"btSuperTitle\">Need answers? We\u2019ve got you covered.<\/div><\/header><div class=\"btClear btSeparator bottomSmallSpaced border\" ><hr><\/div><div class=\"btTabs tabsVertical\" data-open-first=\"\"><ul class=\"tabsHeader\"><li><span>Est-ce que j\u2019ai besoin d\u2019un r\u00e9f\u00e9rencement de mon m\u00e9decin de famille?<\/span><\/li><li><span>Y a-t-il une liste d\u2019attente pour les nouveaux patients?<\/span><\/li><li><span>Est-ce qu\u2019il y a du stationnement disponible?<\/span><\/li><li><span>Quelle m\u00e9thode de paiement acceptez-vous?<\/span><\/li><li><span>Est-ce que ma compagnie d\u2019assurance peut couvrir les co\u00fbts d\u2019examination?<\/span><\/li><li><span>Qu\u2019advient-il lorsque ma prescription est expir\u00e9e?<\/span><\/li><li><span>J\u2019attends toujours les r\u00e9sultats des mes test, combien de temps cela peut-il prendre?<\/span><\/li><\/ul><div class=\"tabPanes accordionPanes\"><div class=\"tabPane\">\r\n\t\t\t<div class=\"tabAccordionTitle\"><span>Est-ce que j\u2019ai besoin d\u2019un r\u00e9f\u00e9rencement de mon m\u00e9decin de famille?<\/span><\/div>\r\n\t\t\t<div class=\"tabAccordionContent\"><p>Tous les patients qui d\u00e9sirent consulter un m\u00e9decin sp\u00e9cialiste ont besoin d\u2019un r\u00e9f\u00e9rencement de leur m\u00e9decin de famille au Qu\u00e9bec. Chaque patient doit avoir son papier de r\u00e9f\u00e9rencement avec eux le jour de sa consultation avec un de nos sp\u00e9cialistes.<\/p>\n<\/div>\r\n\t\t<\/div><div class=\"tabPane\">\r\n\t\t\t<div class=\"tabAccordionTitle\"><span>Y a-t-il une liste d\u2019attente pour les nouveaux patients?<\/span><\/div>\r\n\t\t\t<div class=\"tabAccordionContent\"><p>Il y a g\u00e9n\u00e9ralement une liste d\u2019attente de trois semaines pour voir un de nos sp\u00e9cialistes, mais il est possible qu\u2019un rendez-vous puisse \u00eatre prit la journ\u00e9e m\u00eame, d\u00e9pendamment des annulations.<span class=\"m_4952041404815251745gmail-m_-8773841800621877627gmail-Apple-converted-space\">\u00a0\u00a0<\/span>Pour \u00eatre sur la liste d\u2019attente, il est obligatoire d\u2019avoir un papier de r\u00e9f\u00e9rencement de votre m\u00e9decin de famille.<\/p>\n<\/div>\r\n\t\t<\/div><div class=\"tabPane\">\r\n\t\t\t<div class=\"tabAccordionTitle\"><span>Est-ce qu\u2019il y a du stationnement disponible?<\/span><\/div>\r\n\t\t\t<div class=\"tabAccordionContent\"><p>La clinique n\u2019a pas de places de stationnement r\u00e9serv\u00e9es pour les patients, toutefois il est possible de trouver des places de stationnement sur la rue, \u00e0 proximit\u00e9. Nous sommes aussi situ\u00e9 \u00e0 une minute du m\u00e9tro Guy-Concordia.<\/p>\n<\/div>\r\n\t\t<\/div><div class=\"tabPane\">\r\n\t\t\t<div class=\"tabAccordionTitle\"><span>Quelle m\u00e9thode de paiement acceptez-vous?<\/span><\/div>\r\n\t\t\t<div class=\"tabAccordionContent\"><p>Nous acceptons plusieurs m\u00e9thodes de payement incluant l\u2019argent comptant, les cartes de cr\u00e9dit et les cartes bancaires.<\/p>\n<\/div>\r\n\t\t<\/div><div class=\"tabPane\">\r\n\t\t\t<div class=\"tabAccordionTitle\"><span>Est-ce que ma compagnie d\u2019assurance peut couvrir les co\u00fbts d\u2019examination?<\/span><\/div>\r\n\t\t\t<div class=\"tabAccordionContent\"><p>Nous acceptons les grandes soci\u00e9t\u00e9s d\u2019assurances comme Manuvie, Goral, Desjardins, Sigma, Crown, Keyfact, Blue Cross, Red Cross, etc\u2026<\/p>\n<\/div>\r\n\t\t<\/div><div class=\"tabPane\">\r\n\t\t\t<div class=\"tabAccordionTitle\"><span>Qu\u2019advient-il lorsque ma prescription est expir\u00e9e?<\/span><\/div>\r\n\t\t\t<div class=\"tabAccordionContent\"><p>Les prescriptions peuvent \u00eatre g\u00e9n\u00e9ralement renouvel\u00e9es en personne ou au t\u00e9l\u00e9phone.<\/p>\n<\/div>\r\n\t\t<\/div><div class=\"tabPane\">\r\n\t\t\t<div class=\"tabAccordionTitle\"><span>J\u2019attends toujours les r\u00e9sultats des mes test, combien de temps cela peut-il prendre?<\/span><\/div>\r\n\t\t\t<div class=\"tabAccordionContent\"><p>Le temps d\u2019attente peut varier selon le laboratoire o\u00f9 les test on \u00e9t\u00e9 envoy\u00e9s, mais g\u00e9n\u00e9ralement cela peut prendre entre deux et trois semaines. Cependant, nous recevons les radiographies beaucoup plus rapidement et nous contactons les patients aussit\u00f4t que le laboratoire nous les fait parvenir. En ce qui concerne les test g\u00e9n\u00e9raux, si les r\u00e9sultats sont normaux, nous ne contactons pas le patient. Si, dans le cas contraire, les r\u00e9sultats d\u00e9montre une anormalit\u00e9, nous contactons le patient aussit\u00f4t.<\/p>\n<\/div>\r\n\t\t<\/div><\/div><\/div><\/div><\/div><div class=\"rowItem col-md-3 col-sm-6 col-ms-12 btTextLeft animate animate-fadein btTextIndent btHighlight inherit\"  ><div class=\"rowItemContent\" ><div class=\"bpgPhoto \"  style=\"btTextCenter\"> \r\n\t\t\t\t\t<a href=\"http:\/\/_self\" target=\"\" title=\"\"><\/a>\r\n\t\t\t\t\t<div class=\"boldPhotoBox\"><div class=\"bpbItem\"><div class = \"btImage\"><img src=\"https:\/\/www.cliniquemedicalecrescent.ca\/wp-content\/uploads\/2015\/12\/FAQ.jpg\" alt=\"\" title=\"\" ><\/div><\/div><\/div>\r\n\t\t\t\t\t<div class=\"captionPane\">\r\n\t\t\t\t\t\t<div class=\"captionTable\">\r\n\t\t\t\t\t\t\t<div class=\"captionCell\">\r\n\t\t\t\t\t\t\t\t<div class=\"captionTxt\"><\/div>\r\n\t\t\t\t\t\t\t<\/div>\r\n\t\t\t\t\t\t<\/div>\r\n\t\t\t\t\t<\/div><\/div><div class=\"btClear btSeparator bottomSmallSpaced noBorder\" ><hr><\/div><header class=\"header btClear large  btNormalDash\" ><div class=\"btSuperTitle\">Informations<\/div><\/header><div class=\"btClear btSeparator bottomSmallSpaced noBorder\" ><hr><\/div><a href=\"https:\/\/www.cliniquemedicalecrescent.ca\/fr\/a-propos\/\" class=\"btBtn btBtn btnFilledStyle btnAccentColor btnSmall btnFullWidth btnRightPosition btnNoIcon\" ><span class=\"btnInnerText\">\u00c0 PROPOS DE NOUS<\/span><\/a><a href=\"https:\/\/www.cliniquemedicalecrescent.ca\/fr\/services\/\" class=\"btBtn btBtn btnOutlineStyle btnNormalColor btnSmall btnFullWidth btnRightPosition btnNoIcon\" ><span class=\"btnInnerText\">NOS SERVICES<\/span><\/a><a href=\"http:\/\/..\/#t\u00e9moignages\" class=\"btBtn btBtn btnOutlineStyle btnNormalColor btnSmall btnFullWidth btnRightPosition btnNoIcon\" ><span class=\"btnInnerText\">T\u00c9MOIGNAGES<\/span><\/a><a href=\"https:\/\/www.cliniquemedicalecrescent.ca\/fr\/prendre-un-rendez-vous\/\" class=\"btBtn btBtn btnFilledStyle btnNormalColor btnSmall btnFullWidth btnRightPosition btnNoIcon\" ><span class=\"btnInnerText\">R\u00c9SERVER UNE VISITE<\/span><\/a><div class=\"btClear btSeparator bottomSmallSpaced noBorder\" ><hr><\/div><\/div><\/div><\/div><\/div><\/div><\/div><\/div><\/section><\/div>","protected":false},"excerpt":{"rendered":"","protected":false},"author":1,"featured_media":0,"parent":0,"menu_order":0,"comment_status":"closed","ping_status":"closed","template":"","meta":[],"_links":{"self":[{"href":"https:\/\/www.cliniquemedicalecrescent.ca\/fr\/wp-json\/wp\/v2\/pages\/2500"}],"collection":[{"href":"https:\/\/www.cliniquemedicalecrescent.ca\/fr\/wp-json\/wp\/v2\/pages"}],"about":[{"href":"https:\/\/www.cliniquemedicalecrescent.ca\/fr\/wp-json\/wp\/v2\/types\/page"}],"author":[{"embeddable":true,"href":"https:\/\/www.cliniquemedicalecrescent.ca\/fr\/wp-json\/wp\/v2\/users\/1"}],"replies":[{"embeddable":true,"href":"https:\/\/www.cliniquemedicalecrescent.ca\/fr\/wp-json\/wp\/v2\/comments?post=2500"}],"version-history":[{"count":7,"href":"https:\/\/www.cliniquemedicalecrescent.ca\/fr\/wp-json\/wp\/v2\/pages\/2500\/revisions"}],"predecessor-version":[{"id":3134,"href":"https:\/\/www.cliniquemedicalecrescent.ca\/fr\/wp-json\/wp\/v2\/pages\/2500\/revisions\/3134"}],"wp:attachment":[{"href":"https:\/\/www.cliniquemedicalecrescent.ca\/fr\/wp-json\/wp\/v2\/media?parent=2500"}],"curies":[{"name":"wp","href":"https:\/\/api.w.org\/{rel}","templated":true}]}}