{"id":2501,"date":"2017-10-12T21:20:03","date_gmt":"2017-10-12T21:20:03","guid":{"rendered":"https:\/\/www.cliniquemedicalecrescent.ca\/book-an-appointment\/"},"modified":"2018-02-01T21:43:57","modified_gmt":"2018-02-01T21:43:57","slug":"prendre-un-rendez-vous","status":"publish","type":"page","link":"https:\/\/www.cliniquemedicalecrescent.ca\/fr\/prendre-un-rendez-vous\/","title":{"rendered":"PRENDRE UN RENDEZ-VOUS"},"content":{"rendered":"<div class=\"bt_bb_wrapper\"><section id=\"bt_section69fa26497b34d\"  class=\"boldSection btDivider topSemiSpaced bottomSemiSpaced btDarkSkin gutter inherit wBackground cover\" style=\"background-image:url('https:\/\/www.cliniquemedicalecrescent.ca\/wp-content\/uploads\/2015\/12\/bllurred-background-1.jpg');padding-top:200px;\"><div class=\"port\"><div class=\"boldCell\"><div class=\"boldCellInner\"><div class=\"boldRow \" ><div class=\"boldRowInner\"><div class=\"rowItem col-md-12 col-ms-12  btTextLeft animate animate-fadein animate-moveleft inherit\"  ><div class=\"rowItemContent\" ><div class=\"btClear btSeparator topExtraSmallSpaced noBorder\" ><hr><\/div><div class=\"btClear btSeparator topExtraSmallSpaced noBorder\" ><hr><\/div><header class=\"header btClear large  btNormalDash\" ><div class=\"btSuperTitle\">R\u00e9servez votre <\/div><div class=\"dash\"><h2><span class=\"headline\">RENDEZ-VOUS<\/span><\/h2><\/div><\/header><\/div><\/div><\/div><\/div><\/div><\/div><\/div><\/section><section id=\"bt_section69fa26497b830\"  class=\"boldSection topSpaced bottomSpaced gutter inherit\" ><div class=\"port\"><div class=\"boldCell\"><div class=\"boldCellInner\"><div class=\"boldRow \" ><div class=\"boldRowInner\"><div class=\"rowItem col-md-12 col-ms-12  btTextLeft animate animate-fadein animate-moveleft inherit\"  ><div class=\"rowItemContent\" ><header class=\"header btClear large btDash topDash  btAccentDash\" ><div class=\"btSuperTitle\">Prenez rendez-vous avec votre m\u00e9decin<\/div><div class=\"dash\"><h2><span class=\"headline\">PRENDRE RENDEZ-VOUS MAINTENANT<\/span><\/h2><\/div><\/header><div class=\"btClear btSeparator bottomSemiSpaced noBorder\" ><hr><\/div><\/div><\/div><\/div><\/div><div class=\"boldRow \" ><div class=\"boldRowInner\"><div class=\"rowItem col-md-8 col-ms-12 btTextLeft\"  ><div class=\"rowItemContent\" ><div class=\"btText\" ><div role=\"form\" class=\"wpcf7\" id=\"wpcf7-f2577-o1\" lang=\"en-US\" dir=\"ltr\">\n<div class=\"screen-reader-response\">\n<p role=\"status\" aria-live=\"polite\" aria-atomic=\"true\">\n<ul><\/ul>\n<\/div>\n<form action=\"\/fr\/wp-json\/wp\/v2\/pages\/2501#wpcf7-f2577-o1\" method=\"post\" class=\"wpcf7-form init\" novalidate=\"novalidate\" data-status=\"init\">\n<div style=\"display: none;\">\n<input type=\"hidden\" name=\"_wpcf7\" value=\"2577\" \/><br \/>\n<input type=\"hidden\" name=\"_wpcf7_version\" value=\"5.4.2\" \/><br \/>\n<input type=\"hidden\" name=\"_wpcf7_locale\" value=\"en_US\" \/><br \/>\n<input type=\"hidden\" name=\"_wpcf7_unit_tag\" value=\"wpcf7-f2577-o1\" \/><br \/>\n<input type=\"hidden\" name=\"_wpcf7_container_post\" value=\"0\" \/><br \/>\n<input type=\"hidden\" name=\"_wpcf7_posted_data_hash\" value=\"\" \/>\n<\/div>\n<div class=\"boldRow\">\n<div class=\"rowItem col-xs-12 col-sm-6\">Pr\u00e9nom*<br \/>\n    <span class=\"wpcf7-form-control-wrap first-name\"><input type=\"text\" name=\"first-name\" value=\"\" size=\"40\" class=\"wpcf7-form-control wpcf7-text wpcf7-validates-as-required\" aria-required=\"true\" aria-invalid=\"false\" \/><\/span> <\/div>\n<div class=\"btClear btSeparator topSmallSpaced noBorder visible-xs visible-ms\">\n<hr>\n<\/div>\n<div class=\"rowItem col-xs-12 col-sm-6\">Nom de famille<br \/>\n    <span class=\"wpcf7-form-control-wrap last-name\"><input type=\"text\" name=\"last-name\" value=\"\" size=\"40\" class=\"wpcf7-form-control wpcf7-text\" aria-invalid=\"false\" \/><\/span> <\/div>\n<\/div>\n<div class=\"btClear btSeparator topSmallSpaced noBorder\">\n<hr>\n<\/div>\n<div class=\"boldRow\">\n<div class=\"rowItem col-xs-12 col-sm-6\">Adresse de courriel*<br \/>\n    <span class=\"wpcf7-form-control-wrap your-email\"><input type=\"email\" name=\"your-email\" value=\"\" size=\"40\" class=\"wpcf7-form-control wpcf7-text wpcf7-email wpcf7-validates-as-required wpcf7-validates-as-email\" aria-required=\"true\" aria-invalid=\"false\" \/><\/span> <\/div>\n<div class=\"btClear btSeparator topSmallSpaced noBorder visible-xs visible-ms\">\n<hr>\n<\/div>\n<div class=\"rowItem col-xs-12 col-sm-6\">Num\u00e9ro de t\u00e9l\u00e9phone*<br \/>\n    <span class=\"wpcf7-form-control-wrap your-number\"><input type=\"text\" name=\"your-number\" value=\"\" size=\"40\" class=\"wpcf7-form-control wpcf7-text wpcf7-validates-as-required\" aria-required=\"true\" aria-invalid=\"false\" \/><\/span> <\/div>\n<\/div>\n<div class=\"btClear btSeparator topSmallSpaced noBorder\">\n<hr>\n<\/div>\n<div class=\"boldRow\">\n<div class=\"rowItem col-xs-12 col-sm-6\">Sp\u00e9cialiste<\/p>\n<p><span class=\"wpcf7-form-control-wrap Destination\"><select name=\"Destination\" class=\"wpcf7-form-control wpcf7-select\" aria-invalid=\"false\"><option value=\"Gastro-ent\u00e9rologue\">Gastro-ent\u00e9rologue<\/option><option value=\"Interniste\">Interniste<\/option><option value=\"ORL \/  ENT\">ORL \/  ENT<\/option><option value=\"Urologue\">Urologue<\/option><option value=\"Cardiologue\">Cardiologue<\/option><option value=\"Ophtalmologiste\">Ophtalmologiste<\/option><option value=\"Orthop\u00e9diste\">Orthop\u00e9diste<\/option><option value=\"OB-GYN\">OB-GYN<\/option><option value=\"Chirurgie g\u00e9n\u00e9rale\">Chirurgie g\u00e9n\u00e9rale<\/option><option value=\"Chirurgien plastique\">Chirurgien plastique<\/option><\/select><\/span><\/div>\n<div class=\"btClear btSeparator topSmallSpaced noBorder visible-xs visible-ms\">\n<hr>\n<\/div>\n<\/div>\n<div class=\"btClear btSeparator topExtraSmallSpaced noBorder\">\n<hr>\n<\/div>\n<div class=\"boldRow\">\n<div class=\"rowItem col-xs-12\"><input type=\"submit\" value=\"ENVOYER\" class=\"wpcf7-form-control wpcf7-submit\" \/><\/div>\n<\/div>\n<div class=\"wpcf7-response-output\" aria-hidden=\"true\"><\/div>\n<\/form>\n<\/div>\n<\/div><\/div><\/div><div class=\"rowItem col-md-4 col-ms-12 btTextLeft animate animate-fadein inherit btDoublePadding\"  ><div class=\"rowItemContent\" ><div class=\"btClear btSeparator topSmallSpaced noBorder\" ><hr><\/div><header class=\"header btClear medium  btNormalDash\" ><div class=\"dash\"><h3><span class=\"headline\">HEURES DE RENDEZ-VOUS<\/span><\/h3><\/div><\/header><div class=\"btText\" ><p>Prenez un rendez-vous et n\u2019attendez pas en fil!<\/p>\n<\/div><div class=\"btClear btSeparator topSmallSpaced noBorder\" ><hr><\/div><div class=\"btWorkingHours \" ><div class=\"btWorkingHoursInner\"><div class=\"btWorkingHoursInnerRow\"><div class=\"btWorkingHoursInnerTitle\">LUNDI 8h &#8211; 20h\r<\/div><\/div><div class=\"btWorkingHoursInnerRow\"><div class=\"btWorkingHoursInnerTitle\">MARDI 8h &#8211; 20h\r<\/div><\/div><div class=\"btWorkingHoursInnerRow\"><div class=\"btWorkingHoursInnerTitle\">MERCREDI 8h &#8211; 20h\r<\/div><\/div><div class=\"btWorkingHoursInnerRow\"><div class=\"btWorkingHoursInnerTitle\">JEUDI 8h &#8211; 20h\r<\/div><\/div><div class=\"btWorkingHoursInnerRow\"><div class=\"btWorkingHoursInnerTitle\">VENDREDI 8h &#8211; 20h\r<\/div><\/div><div class=\"btWorkingHoursInnerRow\"><div class=\"btWorkingHoursInnerTitle\">SAMEDI 8h &#8211; 17h\r<\/div><\/div><div class=\"btWorkingHoursInnerRow\"><div class=\"btWorkingHoursInnerTitle\">DIMANCHE 9h &#8211; 17h<\/div><\/div><\/div><\/div><div class=\"btClear btSeparator topSmallSpaced noBorder\" ><hr><\/div><a href=\"https:\/\/www.cliniquemedicalecrescent.ca\/fr\/nous-contacter\/\" class=\"btBtn btBtn btnFilledStyle btnAccentColor btnSmall btnNormalWidth btnRightPosition btnNoIcon\" style=\"margin-bottom: -28px\"><span class=\"btnInnerText\">VISITE NOUS AUJOURD&rsquo;HUI<\/span><\/a><\/div><\/div><\/div><\/div><\/div><\/div><\/div><\/section><\/div>","protected":false},"excerpt":{"rendered":"","protected":false},"author":1,"featured_media":0,"parent":0,"menu_order":0,"comment_status":"closed","ping_status":"closed","template":"","meta":[],"_links":{"self":[{"href":"https:\/\/www.cliniquemedicalecrescent.ca\/fr\/wp-json\/wp\/v2\/pages\/2501"}],"collection":[{"href":"https:\/\/www.cliniquemedicalecrescent.ca\/fr\/wp-json\/wp\/v2\/pages"}],"about":[{"href":"https:\/\/www.cliniquemedicalecrescent.ca\/fr\/wp-json\/wp\/v2\/types\/page"}],"author":[{"embeddable":true,"href":"https:\/\/www.cliniquemedicalecrescent.ca\/fr\/wp-json\/wp\/v2\/users\/1"}],"replies":[{"embeddable":true,"href":"https:\/\/www.cliniquemedicalecrescent.ca\/fr\/wp-json\/wp\/v2\/comments?post=2501"}],"version-history":[{"count":8,"href":"https:\/\/www.cliniquemedicalecrescent.ca\/fr\/wp-json\/wp\/v2\/pages\/2501\/revisions"}],"predecessor-version":[{"id":2876,"href":"https:\/\/www.cliniquemedicalecrescent.ca\/fr\/wp-json\/wp\/v2\/pages\/2501\/revisions\/2876"}],"wp:attachment":[{"href":"https:\/\/www.cliniquemedicalecrescent.ca\/fr\/wp-json\/wp\/v2\/media?parent=2501"}],"curies":[{"name":"wp","href":"https:\/\/api.w.org\/{rel}","templated":true}]}}