{"id":2502,"date":"2017-09-25T22:43:07","date_gmt":"2017-09-25T22:43:07","guid":{"rendered":"https:\/\/www.cliniquemedicalecrescent.ca\/careers\/"},"modified":"2021-10-05T17:16:06","modified_gmt":"2021-10-05T17:16:06","slug":"carrieres","status":"publish","type":"page","link":"https:\/\/www.cliniquemedicalecrescent.ca\/fr\/carrieres\/","title":{"rendered":"Carri\u00e8res"},"content":{"rendered":"<div class=\"bt_bb_wrapper\"><section id=\"bt_section69fa20ce1780f\"  class=\"boldSection topSemiSpaced btDarkSkin gutter inherit wBackground cover btAccentColorBackground\" style=\"background-image:url('https:\/\/www.cliniquemedicalecrescent.ca\/wp-content\/uploads\/2015\/12\/bllurred-background-1.jpg');\"><div class=\"port\"><div class=\"boldCell\"><div class=\"boldCellInner\"><div class=\"boldRow \" ><div class=\"boldRowInner\"><div class=\"rowItem col-md-9 col-ms-12  btTextLeft animate animate-fadein animate-moveleft inherit\"  ><div class=\"rowItemContent\" ><div class=\"btClear btSeparator topExtraSpaced bottomSmallSpaced noBorder\" ><hr><\/div><header class=\"header btClear extralarge btDash topDash  btNormalDash\" ><div class=\"btSuperTitle\">Vous avez du talent ?<\/div><div class=\"dash\"><h1><span class=\"headline\">TRAVAILLEZ AVEC NOUS<\/span><\/h1><\/div><div class=\"btSubTitle\">Clinique M\u00e9dicale Crescent est toujours \u00e0 la recherche de talents de haute qualit\u00e9 \u00e0 ajouter \u00e0 son \u00e9quipe d\u2019\u00e9lite. Si vous avez la passion d\u2019aider les autres \u00e0 atteindre une meilleure qualit\u00e9 de vie, nous aimerions avoir de vos nouvelles.<\/div><\/header><div class=\"btClear btSeparator topExtraSmallSpaced noBorder\" ><hr><\/div><a href=\"#emplois\" class=\"btBtn btBtn btnFilledStyle btnAccentColor btnMedium btnNormalWidth btnRightPosition btnNoIcon\" ><span class=\"btnInnerText\">EN SAVOIR PLUS<\/span><\/a><div class=\"btClear btSeparator topSpaced noBorder\" ><hr><\/div><\/div><\/div><div class=\"rowItem col-md-3 col-sm-6 col-ms-12 btTextLeft\"  ><div class=\"rowItemContent\" ><\/div><\/div><\/div><\/div><\/div><\/div><\/div><\/section><section id=\"bt_section69fa20ce1a703\"  class=\"boldSection gutter inherit\" style=\"margin-top: -6px;\"><div class=\"port\"><div class=\"boldCell\"><div class=\"boldCellInner\"><div class=\"boldRow \" ><div class=\"boldRowInner\"><div class=\"rowItem col-md-3 col-sm-6 col-ms-12 btTextLeft inherit\" style=\"background-color: rgba(0, 179, 204, 1);\" ><div class=\"rowItemContent\" ><div class=\"btClear btSeparator topExtraSmallSpaced noBorder\" ><hr><\/div><\/div><\/div><div class=\"rowItem col-md-3 col-sm-6 col-ms-12 btTextLeft inherit\" style=\"background-color: rgba(0, 161, 190, 1);\" ><div class=\"rowItemContent\" ><div class=\"btClear btSeparator topExtraSmallSpaced noBorder\" ><hr><\/div><\/div><\/div><div class=\"rowItem col-md-3 col-sm-6 col-ms-12 btTextLeft inherit\" style=\"background-color: rgba(0, 135, 170, 1);\" ><div class=\"rowItemContent\" ><div class=\"btClear btSeparator topExtraSmallSpaced noBorder\" ><hr><\/div><\/div><\/div><div class=\"rowItem col-md-3 col-sm-6 col-ms-12 btTextLeft inherit\" style=\"background-color: rgba(0, 109, 149, 1);\" ><div class=\"rowItemContent\" ><div class=\"btClear btSeparator topExtraSmallSpaced noBorder\" ><hr><\/div><\/div><\/div><\/div><\/div><\/div><\/div><\/div><\/section><section id=\"emplois\"  class=\"boldSection topSpaced bottomSpaced gutter inherit\" ><div class=\"port\"><div class=\"boldCell\"><div class=\"boldCellInner\"><div class=\"boldRow \" ><div class=\"boldRowInner\"><div class=\"rowItem btRightBorder col-md-4 col-ms-12 btTextLeft animate animate-fadein inherit btDoublePadding\"  ><div class=\"rowItemContent\" ><header class=\"header btClear medium btDash bottomDash  btAccentDash\" ><div class=\"dash\"><h3><span class=\"headline\">ENVIRONNEMENT DE TRAVAIL<\/span><\/h3><\/div><div class=\"btSubTitle\">Si vous aimez un environnement dynamique et stimulant, d\u00e9di\u00e9 \u00e0 la sant\u00e9 des autres, cet emploi est pour vous.<\/div><\/header><div class=\"btClear btSeparator bottomSmallSpaced noBorder\" ><hr><\/div><div class=\"servicesItem  btIcoAccentColorIcon btIcoMediumSizeIcon \"><div class=\"sIcon\"><span class=\"btIco btIcoMediumSize btIcoDefaultType btIcoAccentColor\" ><span  data-ico-fa=\"&#xf017;\" class=\"btIcoHolder\"><em><\/em><\/span><\/span><\/div><div class=\"sTxt\"><header class=\"header btClear small\" ><div class=\"dash\"><h4><span class=\"headline\">Horaires flexibles<\/span><\/h4><\/div><\/header><p>Nous proposons des horaires flexibles, y compris les soirs et les fins de semaine pour s\u2019adapter \u00e0 votre horaire d\u00e9sir\u00e9.<\/p><\/div><\/div><div class=\"btClear btSeparator bottomSemiSpaced noBorder\" ><hr><\/div><div class=\"servicesItem  btIcoAccentColorIcon btIcoMediumSizeIcon \"><div class=\"sIcon\"><span class=\"btIco btIcoMediumSize btIcoDefaultType btIcoAccentColor\" ><span  data-ico-fa=\"&#xf164;\" class=\"btIcoHolder\"><em><\/em><\/span><\/span><\/div><div class=\"sTxt\"><header class=\"header btClear small\" ><div class=\"dash\"><h4><span class=\"headline\">Une direction forte<\/span><\/h4><\/div><\/header><p>Nos dirigeants ont un int\u00e9r\u00eat direct dans l\u2019organisation, avec le d\u00e9sir d\u2019aider les autres \u00e0 r\u00e9ussir.<\/p><\/div><\/div><div class=\"btClear btSeparator bottomSemiSpaced noBorder\" ><hr><\/div><div class=\"servicesItem  btIcoAccentColorIcon btIcoMediumSizeIcon \"><div class=\"sIcon\"><span class=\"btIco btIcoMediumSize btIcoDefaultType btIcoAccentColor\" ><span  data-ico-fa=\"&#xf0b2;\" class=\"btIcoHolder\"><em><\/em><\/span><\/span><\/div><div class=\"sTxt\"><header class=\"header btClear small\" ><div class=\"dash\"><h4><span class=\"headline\">Formation permanente<\/span><\/h4><\/div><\/header><p>Tous les employ\u00e9s doivent suivre une formation continue. Tous les co\u00fbts sont couverts par Clinique M\u00e9dicale Crescent.<\/p><\/div><\/div><div class=\"btClear btSeparator bottomSemiSpaced noBorder\" ><hr><\/div><div class=\"servicesItem  btIcoAccentColorIcon btIcoMediumSizeIcon \"><div class=\"sIcon\"><span class=\"btIco btIcoMediumSize btIcoDefaultType btIcoAccentColor\" ><span  data-ico-cs=\"&#xe974;\" class=\"btIcoHolder\"><em><\/em><\/span><\/span><\/div><div class=\"sTxt\"><header class=\"header btClear small\" ><div class=\"dash\"><h4><span class=\"headline\">Opportunit\u00e9s de carri\u00e8re<\/span><\/h4><\/div><\/header><p>Nous aimons promouvoir de l\u2019int\u00e9rieur ! Clinique M\u00e9dicale Crescent croit en offrir d\u2019opportunit\u00e9s de carri\u00e8re suppl\u00e9mentaires aux membres de son \u00e9quipe.<\/p><\/div><\/div><div class=\"btClear btSeparator bottomSemiSpaced noBorder\" ><hr><\/div><div class=\"servicesItem  btIcoAccentColorIcon btIcoMediumSizeIcon \"><div class=\"sIcon\"><span class=\"btIco btIcoMediumSize btIcoDefaultType btIcoAccentColor\" ><span  data-ico-fa=\"&#xf118;\" class=\"btIcoHolder\"><em><\/em><\/span><\/span><\/div><div class=\"sTxt\"><header class=\"header btClear small\" ><div class=\"dash\"><h4><span class=\"headline\">Cong\u00e9s pay\u00e9s<\/span><\/h4><\/div><\/header><p>En tant que membre de l\u2019\u00e9quipe de la Clinique M\u00e9dicale Crescent, vous recevrez de g\u00e9n\u00e9reux cong\u00e9s pay\u00e9s et des primes suppl\u00e9mentaires.<\/p><\/div><\/div><div class=\"btClear btSeparator bottomSemiSpaced noBorder\" ><hr><\/div><\/div><\/div><div class=\"rowItem col-md-8 col-ms-12 btTextLeft animate animate-fadein inherit btDoublePadding\"  ><div class=\"rowItemContent\" ><header class=\"header btClear large  btNormalDash\" ><div class=\"btSuperTitle\">Nous sommes \u00e0 la recherche de quelques nouveaux ajouts \u00e0 notre incroyable \u00e9quipe. Si vous aimez aider les autres et apporter du bonheur \u00e0 ceux qui en ont besoin, nous vous encourageons \u00e0 soumettre votre candidature \u00e0 l\u2019un des postes suivants :<\/div><\/header><div class=\"btClear btSeparator bottomSmallSpaced border\" ><hr><\/div><div class=\"btQuoteBooking  c69fa20ce1b2e0\" ><div class=\"btQuoteBookingWrap\"><div class=\"btQuoteBookingForm btActive\"><header class=\"header btClear medium btDash bottomDash  btAccentDash\" ><div class=\"dash\"><h3><span class=\"headline\">R\u00e9ceptionniste<\/span><\/h3><\/div><div class=\"btSubTitle\">Une vraie personne qui aime organiser<\/div><\/header><div class=\"btText\" ><p><a href=\"https:\/\/www.cliniquemedicalecrescent.ca\/wp-content\/uploads\/2017\/09\/receptionist.jpg\"><img loading=\"lazy\" class=\"alignnone size-medium wp-image-2476\" src=\"https:\/\/www.cliniquemedicalecrescent.ca\/wp-content\/uploads\/2017\/12\/receiptionaist.jpg\" alt=\"\" width=\"320\" height=\"144\" \/><\/a><\/p>\n<\/div><div class=\"btClear btSeparator bottomSmallSpaced noBorder\" ><hr><\/div><header class=\"header btClear large  btNormalDash\" ><div class=\"btSuperTitle\">Cette personne sera en contact avec la client\u00e8le et repr\u00e9sentera le visage de la Clinique M\u00e9dicale Crescent. Le candidat id\u00e9al aura une exp\u00e9rience de cabinet m\u00e9dical pr\u00e9alable ou une formation approfondie dans les fonctions suivantes :<\/div><\/header><div class=\"btText\" ><ul>\n<li>Calendrier des rendez-vous<\/li>\n<li>R\u00e9pondre aux appels entrants et passer des appels sortants<\/li>\n<li>Effectuer une saisie de donn\u00e9es compl\u00e8te<\/li>\n<li>Organiser et maintenir les dossiers des patients<\/li>\n<li>Compl\u00e9ter la formation requise<\/li>\n<\/ul>\n<p style=\"text-align: right;\"><button class=\"btContactNext\" style=\"width: 20%;\" type=\"submit\">POSTULER<\/button><\/p>\n<\/div><div class=\"btClear btSeparator topSemiSpaced bottomSemiSpaced border\" ><hr><\/div><header class=\"header btClear medium btDash bottomDash  btAccentDash\" ><div class=\"dash\"><h3><span class=\"headline\">Infirmi\u00e8re auxiliaire<\/span><\/h3><\/div><div class=\"btSubTitle\">La preuve que les soins infirmiers sont attentionn\u00e9s<\/div><\/header><div class=\"btText\" ><p><a href=\"https:\/\/www.cliniquemedicalecrescent.ca\/wp-content\/uploads\/2017\/09\/nurse.jpg\"><img loading=\"lazy\" class=\"alignnone size-medium wp-image-2478\" src=\"https:\/\/www.cliniquemedicalecrescent.ca\/wp-content\/uploads\/2017\/12\/nurse.jpg\" alt=\"\" width=\"320\" height=\"144\" \/><\/a><\/p>\n<\/div><div class=\"btClear btSeparator bottomSmallSpaced noBorder\" ><hr><\/div><header class=\"header btClear large  btNormalDash\" ><div class=\"btSuperTitle\">Cette personne travaillera directement avec les patients pour repr\u00e9senter les meilleurs aspects de la Clinique M\u00e9dicale Crescent. L\u2019infirmi\u00e8re auxiliaire travaille au sein de l\u2019\u00e9quipe soignante, offrant des services de soutien et d\u2019aide aux patients :<\/div><\/header><div class=\"btText\" ><ul>\n<li>Enregistrer des notes dans les dossiers m\u00e9dicaux des patients<\/li>\n<li>UMettre \u00e0 jour de l\u2019\u00e9tat du patient aupr\u00e8s des m\u00e9decins ou des infirmi\u00e8res.<\/li>\n<li>Aider les infirmi\u00e8res ou les m\u00e9decins lors d\u2019une intervention<\/li>\n<li>Aider les patients \u00e0 s\u2019habiller ou \u00e0 se d\u00e9shabiller pour leur examen<\/li>\n<\/ul>\n<p style=\"text-align: right;\"><button class=\"btContactNext\" style=\"width: 20%;\" type=\"submit\">POSTULER<\/button><\/p>\n<\/div><div class=\"btClear btSeparator topSemiSpaced bottomSemiSpaced border\" ><hr><\/div><header class=\"header btClear medium btDash bottomDash  btAccentDash\" ><div class=\"dash\"><h3><span class=\"headline\">M\u00e9decin \u2013 M\u00e9decin g\u00e9n\u00e9raliste<\/span><\/h3><\/div><div class=\"btSubTitle\">Fournir une exp\u00e9rience de patient positive<\/div><\/header><div class=\"btText\" ><p><a href=\"https:\/\/www.cliniquemedicalecrescent.ca\/wp-content\/uploads\/2017\/09\/general-physician.jpg\"><img loading=\"lazy\" class=\"alignnone size-medium wp-image-2480\" src=\"https:\/\/www.cliniquemedicalecrescent.ca\/wp-content\/uploads\/2017\/12\/general-physician.jpg\" alt=\"\" width=\"320\" height=\"144\" \/><\/a><\/p>\n<\/div><div class=\"btClear btSeparator bottomSmallSpaced noBorder\" ><hr><\/div><header class=\"header btClear large  btNormalDash\" ><div class=\"btSuperTitle\">L\u2019une des plus grandes offres de la Clinique M\u00e9dicale Crescent est la m\u00e9decine g\u00e9n\u00e9rale. Des maladies courantes, telles que rhume et grippe, aux infections et aux proc\u00e9dures mineures, nos m\u00e9decins g\u00e9n\u00e9ralistes voient chaque jour une grande vari\u00e9t\u00e9 de cas. Cette position est essentielle pour offrir une exp\u00e9rience positive \u00e0 chaque patient afin de garantir qu\u2019il continue \u00e0 choisir la Clinique M\u00e9dicale Crescent pour ses besoins en soins de sant\u00e9 :<\/div><\/header><div class=\"btText\" ><ul>\n<li>Les m\u00e9decins qui viennent de terminer leur r\u00e9sidence sont invit\u00e9s \u00e0 postuler\u00a0!<\/li>\n<li>Personnalit\u00e9 amicale pr\u00e9f\u00e9r\u00e9e<\/li>\n<li>Capacit\u00e9 de travailler certains soirs et fins de semaine<\/li>\n<li>Statut de garde sur une base de rotation<\/li>\n<\/ul>\n<p style=\"text-align: right;\"><button class=\"btContactNext\" style=\"width: 20%;\" type=\"submit\">POSTULER<\/button><\/p>\n<\/div><div class=\"btClear btSeparator topSemiSpaced bottomSemiSpaced border\" ><hr><\/div><header class=\"header btClear medium btDash bottomDash  btAccentDash\" ><div class=\"dash\"><h3><span class=\"headline\">M\u00e9decin sp\u00e9cialiste<\/span><\/h3><\/div><div class=\"btSubTitle\">Aider les patients \u00e0 am\u00e9liorer leur sant\u00e9<\/div><\/header><div class=\"btText\" ><p><a href=\"https:\/\/www.cliniquemedicalecrescent.ca\/wp-content\/uploads\/2017\/09\/specialist-doctor.jpg\"><img loading=\"lazy\" class=\"alignnone size-medium wp-image-2481\" src=\"https:\/\/www.cliniquemedicalecrescent.ca\/wp-content\/uploads\/2017\/12\/specialist-doctor.jpg\" alt=\"\" width=\"320\" height=\"144\" \/><\/a><\/p>\n<\/div><div class=\"btClear btSeparator bottomSmallSpaced noBorder\" ><hr><\/div><header class=\"header btClear large  btNormalDash\" ><div class=\"btSuperTitle\">Nous offrons une vari\u00e9t\u00e9 de services sp\u00e9cialis\u00e9s, y compris la gastro-ent\u00e9rologie, la cardiologie, l\u2019urologie, la gyn\u00e9cologie et plus encore. Nous recherchons des sp\u00e9cialistes talentueux pour aider \u00e0 r\u00e9pondre aux divers besoins de sant\u00e9 de nos patients :<\/div><\/header><div class=\"btText\" ><ul>\n<li>Exp\u00e9rience pr\u00e9f\u00e9r\u00e9e de 2 ans ou plus dans un domaine sp\u00e9cialis\u00e9<\/li>\n<li>Personnalit\u00e9 amicale pr\u00e9f\u00e9r\u00e9e<\/li>\n<li>Capacit\u00e9 de travailler certains soirs et fins de semaine<\/li>\n<li>Statut de garde sur une base de rotation<\/li>\n<\/ul>\n<p style=\"text-align: right;\"><button class=\"btContactNext\" style=\"width: 20%;\" type=\"submit\">POSTULER<\/button><\/p>\n<\/div><div class=\"btTotalNextWrapper\"><div class=\"btQuoteTotal\"><span class=\"btQuoteTotalText\">Total<\/span><span class=\"btQuoteTotalCurrency\">$<\/span><span class=\"btQuoteTotalCalc\"><\/span><\/div><div class=\"boldBtn btnAccent btnSmall btnIco\"><button type=\"submit\" class=\"btContactNext\">Next<\/button><\/div><\/div><\/div><div class=\"btTotalQuoteContactGroup\"><div class=\"btQuoteContact\"><div class=\"btQuoteItem btContactFieldMandatory\"><input type=\"text\" class=\"btContactName btContactField\" placeholder=\"Name\"><\/div><div class=\"btQuoteItem\"><input type=\"text\" class=\"btContactEmail btContactField\" placeholder=\"Email\"><\/div><div class=\"btQuoteItem btContactFieldMandatory\"><input type=\"text\" class=\"btContactPhone btContactField\" placeholder=\"Phone\"><\/div><div class=\"btQuoteItem btContactFieldMandatory\"><input type=\"text\" class=\"btContactAddress btContactField\" placeholder=\"Address\"><\/div><div class=\"btQuoteItem btContactFieldMandatory\"><input type=\"text\" class=\"btContactDate btContactField\" placeholder=\"Preferred Service Date\"><\/div><div class=\"btQuoteItem btContactFieldMandatory\"><div class=\"btContactTime btContactField btDropDown\"><\/div><\/div><div class=\"btQuoteItem btContactFieldMandatory btQuoteItemFullWidth\"><textarea class=\"btContactMessage btContactField\" placeholder=\"Message\"><\/textarea><\/div><div class=\"boldBtn btnAccent btnSmall btnIco\"><button type=\"submit\" class=\"btContactSubmit\">Submit<\/button><\/div><div class=\"btSubmitMessage\"><\/div><\/div><\/div><\/div><\/div><\/div><\/div><\/div><\/div><\/div><\/div><\/div><\/section><\/div>","protected":false},"excerpt":{"rendered":"","protected":false},"author":1,"featured_media":0,"parent":0,"menu_order":0,"comment_status":"closed","ping_status":"closed","template":"","meta":[],"_links":{"self":[{"href":"https:\/\/www.cliniquemedicalecrescent.ca\/fr\/wp-json\/wp\/v2\/pages\/2502"}],"collection":[{"href":"https:\/\/www.cliniquemedicalecrescent.ca\/fr\/wp-json\/wp\/v2\/pages"}],"about":[{"href":"https:\/\/www.cliniquemedicalecrescent.ca\/fr\/wp-json\/wp\/v2\/types\/page"}],"author":[{"embeddable":true,"href":"https:\/\/www.cliniquemedicalecrescent.ca\/fr\/wp-json\/wp\/v2\/users\/1"}],"replies":[{"embeddable":true,"href":"https:\/\/www.cliniquemedicalecrescent.ca\/fr\/wp-json\/wp\/v2\/comments?post=2502"}],"version-history":[{"count":6,"href":"https:\/\/www.cliniquemedicalecrescent.ca\/fr\/wp-json\/wp\/v2\/pages\/2502\/revisions"}],"predecessor-version":[{"id":3174,"href":"https:\/\/www.cliniquemedicalecrescent.ca\/fr\/wp-json\/wp\/v2\/pages\/2502\/revisions\/3174"}],"wp:attachment":[{"href":"https:\/\/www.cliniquemedicalecrescent.ca\/fr\/wp-json\/wp\/v2\/media?parent=2502"}],"curies":[{"name":"wp","href":"https:\/\/api.w.org\/{rel}","templated":true}]}}