{"id":2503,"date":"2015-12-24T10:11:03","date_gmt":"2015-12-24T10:11:03","guid":{"rendered":"https:\/\/www.cliniquemedicalecrescent.ca\/contact-us\/"},"modified":"2021-10-05T17:16:42","modified_gmt":"2021-10-05T17:16:42","slug":"nous-contacter","status":"publish","type":"page","link":"https:\/\/www.cliniquemedicalecrescent.ca\/fr\/nous-contacter\/","title":{"rendered":"NOUS JOINDRE"},"content":{"rendered":"<div class=\"bt_bb_wrapper\"><section id=\"bt_section69fa3d618b820\"  class=\"boldSection topSemiSpaced btDarkSkin gutter inherit wBackground cover btAccentColorBackground\" style=\"background-image:url('https:\/\/www.cliniquemedicalecrescent.ca\/wp-content\/uploads\/2015\/12\/bllurred-background-1.jpg');\"><div class=\"port\"><div class=\"boldCell\"><div class=\"boldCellInner\"><div class=\"boldRow \" ><div class=\"boldRowInner\"><div class=\"rowItem col-md-9 col-ms-12  btTextLeft animate animate-fadein animate-moveleft inherit\"  ><div class=\"rowItemContent\" ><div class=\"btClear btSeparator topExtraSpaced bottomSmallSpaced noBorder\" ><hr><\/div><header class=\"header btClear extralarge btDash topDash  btNormalDash\" ><div class=\"btSuperTitle\">Nous sommes pr\u00eats \u00e0 vous rencontrer<\/div><div class=\"dash\"><h1><span class=\"headline\">COMMUNIQUEZ AVEC NOUS<\/span><\/h1><\/div><div class=\"btSubTitle\">Chez Clinique M\u00e9dicale Crescent, notre objectif est de vous aider \u00e0 prendre le contr\u00f4le de votre sant\u00e9. Que vous voyagiez \u00e0 l\u2019\u00e9tranger, que vous vous sentiez mal ou que vous ayez des questions sur la fa\u00e7on d\u2019am\u00e9liorer votre sant\u00e9, nous sommes l\u00e0 pour vous. Planifiez votre rendez-vous aujourd\u2019hui et voyez la diff\u00e9rence.<\/div><\/header><div class=\"btClear btSeparator topExtraSmallSpaced noBorder\" ><hr><\/div><a href=\"#coordonn\u00e9es\" class=\"btBtn btBtn btnFilledStyle btnAccentColor btnMedium btnNormalWidth btnRightPosition btnNoIcon\" ><span class=\"btnInnerText\">COORDONN\u00c9ES<\/span><\/a><div class=\"btClear btSeparator topSpaced noBorder\" ><hr><\/div><\/div><\/div><div class=\"rowItem col-md-3 col-sm-6 col-ms-12 btTextLeft\"  ><div class=\"rowItemContent\" ><\/div><\/div><\/div><\/div><\/div><\/div><\/div><\/section><section id=\"bt_section69fa3d618ddc7\"  class=\"boldSection gutter inherit\" style=\"margin-top: -6px;\"><div class=\"port\"><div class=\"boldCell\"><div class=\"boldCellInner\"><div class=\"boldRow \" ><div class=\"boldRowInner\"><div class=\"rowItem col-md-3 col-sm-6 col-ms-12 btTextLeft inherit\" style=\"background-color: rgba(0, 179, 204, 1);\" ><div class=\"rowItemContent\" ><div class=\"btClear btSeparator topExtraSmallSpaced noBorder\" ><hr><\/div><\/div><\/div><div class=\"rowItem col-md-3 col-sm-6 col-ms-12 btTextLeft inherit\" style=\"background-color: rgba(0, 161, 190, 1);\" ><div class=\"rowItemContent\" ><div class=\"btClear btSeparator topExtraSmallSpaced noBorder\" ><hr><\/div><\/div><\/div><div class=\"rowItem col-md-3 col-sm-6 col-ms-12 btTextLeft inherit\" style=\"background-color: rgba(0, 135, 170, 1);\" ><div class=\"rowItemContent\" ><div class=\"btClear btSeparator topExtraSmallSpaced noBorder\" ><hr><\/div><\/div><\/div><div class=\"rowItem col-md-3 col-sm-6 col-ms-12 btTextLeft inherit\" style=\"background-color: rgba(0, 109, 149, 1);\" ><div class=\"rowItemContent\" ><div class=\"btClear btSeparator topExtraSmallSpaced noBorder\" ><hr><\/div><\/div><\/div><\/div><\/div><\/div><\/div><\/div><\/section><section id=\"bt_section69fa3d618e10a\"  class=\"boldSection topSpaced bottomSpaced gutter inherit\" ><div class=\"port\"><div class=\"boldCell\"><div class=\"boldCellInner\"><div class=\"boldRow \" ><div class=\"boldRowInner\"><div class=\"rowItem col-md-12 col-ms-12  btTextLeft animate animate-fadein animate-moveleft inherit btDoublePadding\"  ><div class=\"rowItemContent\" ><header class=\"header btClear large btDash topDash  btAccentDash\" ><div class=\"btSuperTitle\">Contactez-nous en tout temps<\/div><div class=\"dash\"><h2><span class=\"headline\">ENVOYEZ-NOUS VOS COMMENTAIRES<\/span><\/h2><\/div><\/header><div class=\"btClear btSeparator bottomSemiSpaced noBorder\" ><hr><\/div><\/div><\/div><\/div><\/div><div class=\"boldRow \" ><div class=\"boldRowInner\"><div class=\"rowItem btRightBorder col-md-8 col-ms-12 btTextLeft inherit btDoublePadding\"  ><div class=\"rowItemContent\" ><div class=\"btText\" ><div role=\"form\" class=\"wpcf7\" id=\"wpcf7-f2577-o1\" lang=\"en-US\" dir=\"ltr\">\n<div class=\"screen-reader-response\">\n<p role=\"status\" aria-live=\"polite\" aria-atomic=\"true\">\n<ul><\/ul>\n<\/div>\n<form action=\"\/fr\/wp-json\/wp\/v2\/pages\/2503#wpcf7-f2577-o1\" method=\"post\" class=\"wpcf7-form init\" novalidate=\"novalidate\" data-status=\"init\">\n<div style=\"display: none;\">\n<input type=\"hidden\" name=\"_wpcf7\" value=\"2577\" \/><br \/>\n<input type=\"hidden\" name=\"_wpcf7_version\" value=\"5.4.2\" \/><br \/>\n<input type=\"hidden\" name=\"_wpcf7_locale\" value=\"en_US\" \/><br \/>\n<input type=\"hidden\" name=\"_wpcf7_unit_tag\" value=\"wpcf7-f2577-o1\" \/><br \/>\n<input type=\"hidden\" name=\"_wpcf7_container_post\" value=\"0\" \/><br \/>\n<input type=\"hidden\" name=\"_wpcf7_posted_data_hash\" value=\"\" \/>\n<\/div>\n<div class=\"boldRow\">\n<div class=\"rowItem col-xs-12 col-sm-6\">Pr\u00e9nom*<br \/>\n    <span class=\"wpcf7-form-control-wrap first-name\"><input type=\"text\" name=\"first-name\" value=\"\" size=\"40\" class=\"wpcf7-form-control wpcf7-text wpcf7-validates-as-required\" aria-required=\"true\" aria-invalid=\"false\" \/><\/span> <\/div>\n<div class=\"btClear btSeparator topSmallSpaced noBorder visible-xs visible-ms\">\n<hr>\n<\/div>\n<div class=\"rowItem col-xs-12 col-sm-6\">Nom de famille<br \/>\n    <span class=\"wpcf7-form-control-wrap last-name\"><input type=\"text\" name=\"last-name\" value=\"\" size=\"40\" class=\"wpcf7-form-control wpcf7-text\" aria-invalid=\"false\" \/><\/span> <\/div>\n<\/div>\n<div class=\"btClear btSeparator topSmallSpaced noBorder\">\n<hr>\n<\/div>\n<div class=\"boldRow\">\n<div class=\"rowItem col-xs-12 col-sm-6\">Adresse de courriel*<br \/>\n    <span class=\"wpcf7-form-control-wrap your-email\"><input type=\"email\" name=\"your-email\" value=\"\" size=\"40\" class=\"wpcf7-form-control wpcf7-text wpcf7-email wpcf7-validates-as-required wpcf7-validates-as-email\" aria-required=\"true\" aria-invalid=\"false\" \/><\/span> <\/div>\n<div class=\"btClear btSeparator topSmallSpaced noBorder visible-xs visible-ms\">\n<hr>\n<\/div>\n<div class=\"rowItem col-xs-12 col-sm-6\">Num\u00e9ro de t\u00e9l\u00e9phone*<br \/>\n    <span class=\"wpcf7-form-control-wrap your-number\"><input type=\"text\" name=\"your-number\" value=\"\" size=\"40\" class=\"wpcf7-form-control wpcf7-text wpcf7-validates-as-required\" aria-required=\"true\" aria-invalid=\"false\" \/><\/span> <\/div>\n<\/div>\n<div class=\"btClear btSeparator topSmallSpaced noBorder\">\n<hr>\n<\/div>\n<div class=\"boldRow\">\n<div class=\"rowItem col-xs-12 col-sm-6\">Sp\u00e9cialiste<\/p>\n<p><span class=\"wpcf7-form-control-wrap Destination\"><select name=\"Destination\" class=\"wpcf7-form-control wpcf7-select\" aria-invalid=\"false\"><option value=\"Gastro-ent\u00e9rologue\">Gastro-ent\u00e9rologue<\/option><option value=\"Interniste\">Interniste<\/option><option value=\"ORL \/  ENT\">ORL \/  ENT<\/option><option value=\"Urologue\">Urologue<\/option><option value=\"Cardiologue\">Cardiologue<\/option><option value=\"Ophtalmologiste\">Ophtalmologiste<\/option><option value=\"Orthop\u00e9diste\">Orthop\u00e9diste<\/option><option value=\"OB-GYN\">OB-GYN<\/option><option value=\"Chirurgie g\u00e9n\u00e9rale\">Chirurgie g\u00e9n\u00e9rale<\/option><option value=\"Chirurgien plastique\">Chirurgien plastique<\/option><\/select><\/span><\/div>\n<div class=\"btClear btSeparator topSmallSpaced noBorder visible-xs visible-ms\">\n<hr>\n<\/div>\n<\/div>\n<div class=\"btClear btSeparator topExtraSmallSpaced noBorder\">\n<hr>\n<\/div>\n<div class=\"boldRow\">\n<div class=\"rowItem col-xs-12\"><input type=\"submit\" value=\"ENVOYER\" class=\"wpcf7-form-control wpcf7-submit\" \/><\/div>\n<\/div>\n<div class=\"wpcf7-response-output\" aria-hidden=\"true\"><\/div>\n<\/form>\n<\/div>\n<\/div><\/div><\/div><div class=\"rowItem col-md-4 col-ms-12 btTextLeft animate animate-fadein inherit btDoublePadding\"  ><div class=\"rowItemContent\" ><div class=\"btClear btSeparator bottomSmallSpaced noBorder\" ><hr><\/div><div class=\"servicesItem  btIcoAccentColorIcon btIcoMediumSizeIcon \"><div class=\"sIcon\"><span class=\"btIco btIcoMediumSize btIcoDefaultType btIcoAccentColor\" ><span  data-ico-fa=\"&#xf27a;\" class=\"btIcoHolder\"><em><\/em><\/span><\/span><\/div><div class=\"sTxt\"><header class=\"header btClear small\" ><div class=\"dash\"><h4><span class=\"headline\">R\u00e9ponse apr\u00e8s une seule journ\u00e9e<\/span><\/h4><\/div><\/header><p>Nous vous r\u00e9pondrons dans les 24 heures<\/p><\/div><\/div><div class=\"btClear btSeparator bottomSemiSpaced noBorder\" ><hr><\/div><div class=\"btClear btSeparator bottomSemiSpaced noBorder\" ><hr><\/div><\/div><\/div><\/div><\/div><\/div><\/div><\/div><\/section><section id=\"coordonn\u00e9es\"  class=\"boldSection btDarkSkin inherit\" ><div class=\"port\"><div class=\"boldCell\"><div class=\"boldCellInner\"><div class=\"boldRow \" ><div class=\"boldRowInner\"><div class=\"rowItem col-md-12 col-ms-12  btTextLeft\"  ><div class=\"rowItemContent\" >\r\n\t\t<div class=\"btGoogleMapsWrapper\"><div id=\"map_canvas69fa3d61906bf\" style=\"height:500px;;\" class=\"btGmap\"><\/div><div class=\"btGoogleMapsContent\"><div class=\"btGoogleMapsWrap\"><span class=\"btInfoPaneToggler\"><\/span><div class=\"btClear btSeparator bottomSemiSpaced noBorder #working-hours\" ><hr><\/div><header class=\"header btClear medium  btNormalDash\" ><div class=\"dash\"><h3><span class=\"headline\">HEURES D\u2019OUVERTURE<\/span><\/h3><\/div><\/header><div class=\"btClear btSeparator topExtraSmallSpaced noBorder\" ><hr><\/div><div class=\"btWorkingHours \" ><div class=\"btWorkingHoursInner\"><div class=\"btWorkingHoursInnerRow\"><div class=\"btWorkingHoursInnerTitle\">Lundi au vendredi<\/div><div class=\"btWorkingHoursInnerContent\">de 8 h \u00e0 20 h<\/div><\/div><div class=\"btWorkingHoursInnerRow\"><div class=\"btWorkingHoursInnerTitle\">Samedi<\/div><div class=\"btWorkingHoursInnerContent\">de 8 h \u00e0 17 h<\/div><\/div><div class=\"btWorkingHoursInnerRow\"><div class=\"btWorkingHoursInnerTitle\">Dimanche<\/div><div class=\"btWorkingHoursInnerContent\">de 9 h \u00e0 17 h<\/div><\/div><\/div><\/div><div class=\"btClear btSeparator topSemiSpaced noBorder\" ><hr><\/div><header class=\"header btClear medium  btNormalDash\" ><div class=\"dash\"><h3><span class=\"headline\">COORDONN\u00c9ES<\/span><\/h3><\/div><\/header><div class=\"btClear btSeparator topExtraSmallSpaced noBorder\" ><hr><\/div><div class=\"btIconImageRow\" ><span class=\"btIco btIcoDefaultType btIcoExtraSmallSize btIcoDefaultColor   \" ><a href=\"https:\/\/www.google.ca\/maps\/place\/Alpha+Medic+Montral\/@45.4949479,-73.5794394,17z\/data=!3m1!4b1!4m5!3m4!1s0x4cc91a697d8d5403:0x3d3637b22779e62b!8m2!3d45.4949479!4d-73.5772507?hl=en\"  target = \"_blank\" data-ico-s7=\"&#xe638;\" class=\"btIcoHolder\"><em><\/em><span class=\"btIcoText\">1198 Crescent, Montreal, H3G 2A9<\/span><\/a><\/span><\/div><div class=\"btClear btSeparator topExtraSmallSpaced bottomExtraSmallSpaced noBorder\" ><hr><\/div><div class=\"btIconImageRow\" ><span class=\"btIco btIcoDefaultType btIcoExtraSmallSize btIcoDefaultColor   \" ><a href=\"tel:+1-514-933-8303\"  target = \"no_target\" data-ico-fa=\"&#xf1ac;\" class=\"btIcoHolder\"><em><\/em><span class=\"btIcoText\">T\u00e9l\u00e9copieur:+1-514-933-8383<\/span><\/a><\/span><\/div><div class=\"btClear btSeparator topExtraSmallSpaced bottomExtraSmallSpaced noBorder\" ><hr><\/div><div class=\"btIconImageRow\" ><span class=\"btIco btIcoDefaultType btIcoExtraSmallSize btIcoDefaultColor   \" ><a href=\"tel:+1-514-933-8383\"  target = \"no_target\" data-ico-s7=\"&#xe670;\" class=\"btIcoHolder\"><em><\/em><span class=\"btIcoText\">+1 (514) 933-8383<\/span><\/a><\/span><\/div><div class=\"btClear btSeparator bottomSemiSpaced noBorder\" ><hr><\/div><\/div><\/div><\/div>\r\n\t\t<script type=\"text\/javascript\">\r\n\t\t\tjQuery( document ).ready(function() {\r\n\t\t\t\tbt_gmap_init( map_canvas69fa3d61906bf, 45.4949479, -73.5794447, 14, \"\", \"\", \"\", \"\", \"W3siZmVhdHVyZVR5cGUiOiJ3YXRlciIsInN0eWxlcnMiOlt7InNhdHVyYXRpb24iOjQzfSx7ImxpZ2h0bmVzcyI6LTExfSx7Imh1ZSI6IiMwMDg4ZmYifV19LHsiZmVhdHVyZVR5cGUiOiJyb2FkIiwiZWxlbWVudFR5cGUiOiJnZW9tZXRyeS5maWxsIiwic3R5bGVycyI6W3siaHVlIjoiI2ZmMDAwMCJ9LHsic2F0dXJhdGlvbiI6LTEwMH0seyJsaWdodG5lc3MiOjk5fV19LHsiZmVhdHVyZVR5cGUiOiJyb2FkIiwiZWxlbWVudFR5cGUiOiJnZW9tZXRyeS5zdHJva2UiLCJzdHlsZXJzIjpbeyJjb2xvciI6IiM4MDgwODAifSx7ImxpZ2h0bmVzcyI6NTR9XX0seyJmZWF0dXJlVHlwZSI6ImxhbmRzY2FwZS5tYW5fbWFkZSIsImVsZW1lbnRUeXBlIjoiZ2VvbWV0cnkuZmlsbCIsInN0eWxlcnMiOlt7ImNvbG9yIjoiI2VjZTJkOSJ9XX0seyJmZWF0dXJlVHlwZSI6InBvaS5wYXJrIiwiZWxlbWVudFR5cGUiOiJnZW9tZXRyeS5maWxsIiwic3R5bGVycyI6W3siY29sb3IiOiIjY2NkY2ExIn1dfSx7ImZlYXR1cmVUeXBlIjoicm9hZCIsImVsZW1lbnRUeXBlIjoibGFiZWxzLnRleHQuZmlsbCIsInN0eWxlcnMiOlt7ImNvbG9yIjoiIzc2NzY3NiJ9XX0seyJmZWF0dXJlVHlwZSI6InJvYWQiLCJlbGVtZW50VHlwZSI6ImxhYmVscy50ZXh0LnN0cm9rZSIsInN0eWxlcnMiOlt7ImNvbG9yIjoiI2ZmZmZmZiJ9XX0seyJmZWF0dXJlVHlwZSI6InBvaSIsInN0eWxlcnMiOlt7InZpc2liaWxpdHkiOiJvZmYifV19LHsiZmVhdHVyZVR5cGUiOiJsYW5kc2NhcGUubmF0dXJhbCIsImVsZW1lbnRUeXBlIjoiZ2VvbWV0cnkuZmlsbCIsInN0eWxlcnMiOlt7InZpc2liaWxpdHkiOiJvbiJ9LHsiY29sb3IiOiIjYjhjYjkzIn1dfSx7ImZlYXR1cmVUeXBlIjoicG9pLnBhcmsiLCJzdHlsZXJzIjpbeyJ2aXNpYmlsaXR5Ijoib24ifV19LHsiZmVhdHVyZVR5cGUiOiJwb2kuc3BvcnRzX2NvbXBsZXgiLCJzdHlsZXJzIjpbeyJ2aXNpYmlsaXR5Ijoib24ifV19LHsiZmVhdHVyZVR5cGUiOiJwb2kubWVkaWNhbCIsInN0eWxlcnMiOlt7InZpc2liaWxpdHkiOiJvbiJ9XX0seyJmZWF0dXJlVHlwZSI6InBvaS5idXNpbmVzcyIsInN0eWxlcnMiOlt7InZpc2liaWxpdHkiOiJzaW1wbGlmaWVkIn1dfV0=\" );\r\n\t\t\t\t});\t\r\n\t\t<\/script>\r\n\t\t<\/div><\/div><\/div><\/div><\/div><\/div><\/div><\/section><\/div>","protected":false},"excerpt":{"rendered":"","protected":false},"author":1,"featured_media":0,"parent":0,"menu_order":0,"comment_status":"closed","ping_status":"closed","template":"","meta":[],"_links":{"self":[{"href":"https:\/\/www.cliniquemedicalecrescent.ca\/fr\/wp-json\/wp\/v2\/pages\/2503"}],"collection":[{"href":"https:\/\/www.cliniquemedicalecrescent.ca\/fr\/wp-json\/wp\/v2\/pages"}],"about":[{"href":"https:\/\/www.cliniquemedicalecrescent.ca\/fr\/wp-json\/wp\/v2\/types\/page"}],"author":[{"embeddable":true,"href":"https:\/\/www.cliniquemedicalecrescent.ca\/fr\/wp-json\/wp\/v2\/users\/1"}],"replies":[{"embeddable":true,"href":"https:\/\/www.cliniquemedicalecrescent.ca\/fr\/wp-json\/wp\/v2\/comments?post=2503"}],"version-history":[{"count":14,"href":"https:\/\/www.cliniquemedicalecrescent.ca\/fr\/wp-json\/wp\/v2\/pages\/2503\/revisions"}],"predecessor-version":[{"id":3175,"href":"https:\/\/www.cliniquemedicalecrescent.ca\/fr\/wp-json\/wp\/v2\/pages\/2503\/revisions\/3175"}],"wp:attachment":[{"href":"https:\/\/www.cliniquemedicalecrescent.ca\/fr\/wp-json\/wp\/v2\/media?parent=2503"}],"curies":[{"name":"wp","href":"https:\/\/api.w.org\/{rel}","templated":true}]}}